{"id":129004,"date":"2019-07-25T12:02:24","date_gmt":"2019-07-25T12:02:24","guid":{"rendered":"https:\/\/nosalive.com\/what-taste-of-lisbon\/"},"modified":"2025-01-23T15:11:34","modified_gmt":"2025-01-23T15:11:34","slug":"what-taste-of-lisbon","status":"publish","type":"page","link":"https:\/\/nosalive.com\/en\/what-taste-of-lisbon\/","title":{"rendered":"WHAT IS THE TASTE OF LISBON?"},"content":{"rendered":"<p>[vc_row content_width=&#8221;full&#8221; equal_height=&#8221;&#8221; font_color=&#8221;dark&#8221; background_type=&#8221;image&#8221; background_img=&#8221;127429&#8243; background_img_lazyload=&#8221;1&#8243; shift_y=&#8221;0&#8243; z_index=&#8221;0&#8243; min_height=&#8221;550&#8243;][vc_column][vc_column_text]<\/p>\n<h1 style=\"text-align: center;\"><span class=\"lisboatitulo\">WHAT IS THE TASTE OF LISBON?<\/span><\/h1>\n<p style=\"text-align: center;\"><span class=\"lisboameta\">ROTEIRO: GASTRONOMIA | SANDRA NOBRE <i>STORYTELLER <\/i> | JOANA RAY <i>ILUSTRADORA<\/i><\/span><\/p>\n<p>[\/vc_column_text][\/vc_column][\/vc_row][vc_row][vc_column width=&#8221;2\/3&#8243; shift_x=&#8221;0&#8243; shift_y=&#8221;0&#8243; z_index=&#8221;0&#8243; inline_style=&#8221;text-align: justify;&#8221; css=&#8221;.vc_custom_1560873692173{padding-right: 50px !important;}&#8221;][vc_column_text]All streets in Lisbon \u2013 all of them! smell like food. There is a proper liturgy, hanging like clouds, making the kitchen a sacred place, even when it seems messy when we look through the half-open windows Miracles happen here, I have seen it with my own eyes, like when Portuguese prepare dishes with bread, olive oil and garlic that challenge the sin of gluttony. The bell ringing among the seven hills seems to warn that it is mealtime.[\/vc_column_text][vc_row_inner][vc_column_inner width=&#8221;1\/2&#8243;][vc_column_text]A man on the corner announced an almanac called Borda d\u2019\u00c1gua. I bought it for fun, after he explained to me that it has been published since 1929, exactly as it was then, in black and white, with a list of utilities, like when to sow and harvest the agricultural products. I flicked through it drinking coffee on the corner outdoor caf\u00e9, and found myself thinking that the almanac might well include the seasonal scents in Lisbon: to grilled sardines, during the festival of the Popular Saints (June and July); to cozido \u00e0 portuguesa, on cold days; to codfish, all year round; to olive oil broth, which is the basis of all rice and seafood dishes, on weekdays; to lamb and octopus, cooking longer in the oven, on weekends and bank holidays All of a sudden, I am hungry.[\/vc_column_text][\/vc_column_inner][vc_column_inner width=&#8221;1\/2&#8243;][vc_single_image image=&#8221;127414&#8243; img_size=&#8221;full&#8221; full_width=&#8221;1&#8243; opacity=&#8221;100&#8243;][\/vc_column_inner][\/vc_row_inner][vc_row_inner][vc_column_inner width=&#8221;1\/2&#8243;][vc_single_image image=&#8221;127419&#8243; img_size=&#8221;full&#8221; full_width=&#8221;1&#8243; opacity=&#8221;100&#8243;][\/vc_column_inner][vc_column_inner width=&#8221;1\/2&#8243;][vc_column_text]It smells like rosemary, coriander, bay, oregano and glasswort It smells like cinnamon, saffron, mint, nutmeg and pepper. Every day a new scent, on every street, anytime. This gentle breeze blowing from the Tagus brings the smell, as if it were wandering in search of customers, and we want to try everything to know what it tastes like Like our mother\u2019s kitchen, like our childhood memories, like fishing on the high seas, like hunting for survival, like fruits and vegetables picked up on the day. I have never spent so much time in restaurants, devouring menus as if they were literature and indulging in the names: peixinhos da horta (fish from the garden, meaning breaded green beans), iscas com elas (liver with them), bacalhau com todos (codfish with everything), dobrada (tripe), pica-pau (woodpecker), prego (nail, meaning beef), bitoque, tripes, caldeirada (stew), sarrabulho (stew with pork blood), jaquinzinhos (small mackerels)\u2026 and those dishes that respond by a name: Bulh\u00e3o Pato, Gomes de S\u00e1, Z\u00e9 do Pipo, Abade de Priscos.[\/vc_column_text][\/vc_column_inner][\/vc_row_inner][vc_column_text]It is said that one conquers a man by his stomach, but the Portuguese conquer the whole world with their food, I can see the infatuation In fact, they have done it throughout the history: tempura and sponge cake arrived in Japan through Portuguese sailors, vindaloo marinade become a food staple in the region of Goa, India, Brazil embraced bean stew and Queen Catarina of Bragan\u00e7a was responsible for introducing the tea ritual in the British court. I remember reading an article on BBC, while I was devouring a cozido \u00e0 portuguesa, admitting that \u201cPortuguese cuisine may be the most influential cuisine on the planet\u201d. Exaggeration aside, now that the tourist spotlights are pointing at Portugal, it is increasingly difficult to get a table in the usual places, but it is worth the wait Every bite and every pound I get it worth. Let there be health![\/vc_column_text][\/vc_column][vc_column width=&#8221;1\/3&#8243;][vc_column_text]<\/p>\n<h1 style=\"text-align: left;\">SOME GOOD EATING TABLES<\/h1>\n<p><strong><span style=\"font-size: 25px;\">FISH AND SEAFOOD.<\/span><\/strong><br \/>\n<a href=\"https:\/\/peixariamoderna.com\" target=\"_blank\" rel=\"noopener noreferrer\">Sea Me (Chiado)<\/a><br \/>\n<a href=\"http:\/\/www.cervejariaramiro.pt\/visite-nos.html\" target=\"_blank\" rel=\"noopener noreferrer\">Cervejaria Ramiro (Avenida Almirante Reis)<\/a><br \/>\n<a href=\"http:\/\/www.facebook.com\/pages\/category\/Sushi-Restaurant\/Kanazawa-1515815278732068\/\" target=\"_blank\" rel=\"noopener noreferrer\">Kanazawa (Bel\u00e9m)<\/a><br \/>\n<a href=\"http:\/\/www.furnasdoguincho.pt\" target=\"_blank\" rel=\"noopener noreferrer\">Furnas do Guincho (Cascais)<\/a><br \/>\n<a href=\"http:\/\/www.restaurantedaadraga.com\" target=\"_blank\" rel=\"noopener noreferrer\">Restaurante da Adraga<\/a><br \/>\n<a href=\"https:\/\/www.tripadvisor.pt\/Restaurant_Review-g1154791-d2615832-Reviews-Marisqueira_O_Relento-Oeiras_Lisbon_District_Central_Portugal.html\">O Relento (Alg\u00e9s)<\/a><\/p>\n<p><strong><span style=\"font-size: 25px;\">TRADICIONAL<\/span><\/strong><br \/>\n<a href=\"https:\/\/www.facebook.com\/tabernaSalGrosso\/\" target=\"_blank\" rel=\"noopener noreferrer\">Taberna Sal Grosso<\/a><br \/>\n<a href=\"https:\/\/www.facebook.com\/A-Taberna-da-Rua-das-Flores-292950570719522\/\" target=\"_blank\" rel=\"noopener noreferrer\">Taberna da Rua das Flores<\/a><br \/>\n<a href=\"http:\/\/www.solardospresuntos.com\" target=\"_blank\" rel=\"noopener noreferrer\">Solar dos Presuntos<\/a><br \/>\n<a href=\"http:\/\/zevarunca.com\/oeiras\/\" target=\"_blank\" rel=\"noopener noreferrer\">Z\u00e9 Varunca<\/a><br \/>\n<a href=\"https:\/\/www.facebook.com\/pages\/category\/Portuguese-Restaurant\/Restaurante-Adega-do-Saraiva-178978458872342\/\" target=\"_blank\" rel=\"noopener noreferrer\">Adega Saraiva<\/a><br \/>\n<a href=\"https:\/\/casadadizima.com\/\">Casa da D\u00edzima (Pa\u00e7o d&#8217;Arcos)<\/a><br \/>\n<a href=\"https:\/\/casagalega.pt\/\">Casa Galega (Pa\u00e7o d&#8217;Arcos)<\/a><\/p>\n<p><strong><span style=\"font-size: 25px;\">GOURMET<\/span><\/strong><br \/>\n<a href=\"http:\/\/www.timeoutmarket.com\/lisboa\/\" target=\"_blank\" rel=\"noopener noreferrer\">Time Out Market (Mercado da Ribeira)<\/a><br \/>\n<a href=\"http:\/\/www.jncquoi.com\" target=\"_blank\" rel=\"noopener noreferrer\">JNcQuoi<\/a><br \/>\n<a href=\"http:\/\/www.elcorteingles.pt\/gourmet-experience\/\" target=\"_blank\" rel=\"noopener noreferrer\">Gourmet Experience El Corte Ingl\u00e9s <\/a><\/p>\n<p><strong><span style=\"font-size: 25px;\">FOODS OF THE WORLD<span style=\"color: #f9dc0b;\">.<br \/>\n<\/span><\/span><\/strong><a href=\"https:\/\/restaurantelasiesta.com\/\" target=\"_blank\" rel=\"noopener noreferrer\">La Siesta (Alg\u00e9s)<\/a><\/p>\n<p><strong><span style=\"font-size: 25px;\">VEGETARIAN\/VEGAN<\/span><\/strong><br \/>\n<a href=\"http:\/\/arkhe.pt\" target=\"_blank\" rel=\"noopener noreferrer\">Arkhe<\/a><br \/>\n<a href=\"https:\/\/www.facebook.com\/mymothersdaughters.lisboa\/\" target=\"_blank\" rel=\"noopener noreferrer\">My Mother\u2019s Daughters<\/a><br \/>\n<a href=\"https:\/\/www.facebook.com\/houseofwonders\/\" target=\"_blank\" rel=\"noopener noreferrer\">House of Wonders (Cascais)<\/a><\/p>\n<p><strong><span style=\"font-size: 25px;\">SWEET ENDING<\/span><\/strong><br \/>\n<a href=\"http:\/\/manteigarialisboa.com\" target=\"_blank\" rel=\"noopener noreferrer\">Pastel de nata, da Manteigaria (Chiado e Mercado da Ribeira).<\/a><br \/>\n<a href=\"https:\/\/pasteisdebelem.pt\" target=\"_blank\" rel=\"noopener noreferrer\">Os aut\u00eanticos Past\u00e9is de Bel\u00e9m (Bel\u00e9m)<\/a><br \/>\n<a href=\"http:\/\/www.santini.pt\" target=\"_blank\" rel=\"noopener noreferrer\">Gelados da Santini (Chiado e Cascais)<\/a><br \/>\n<a href=\"https:\/\/piriquita.pt\" target=\"_blank\" rel=\"noopener noreferrer\">Travesseiros da Casa Piriquita (Sintra)<\/a><br \/>\n<a href=\"https:\/\/www.facebook.com\/queijadasdasapa\/\" target=\"_blank\" rel=\"noopener noreferrer\">Queijadas da Sapa (Sintra)<\/a>[\/vc_column_text][\/vc_column][\/vc_row][vc_row equal_height=&#8221;&#8221; shift_y=&#8221;0&#8243; z_index=&#8221;0&#8243; css=&#8221;.vc_custom_1560871322098{margin-top: 0px !important;padding-top: 0px !important;}&#8221;][vc_column][vc_single_image image=&#8221;127423&#8243; img_size=&#8221;full&#8221; full_width=&#8221;1&#8243; opacity=&#8221;100&#8243;][\/vc_column][\/vc_row]<\/p>\n","protected":false},"excerpt":{"rendered":"<p>[vc_row content_width=&#8221;full&#8221; equal_height=&#8221;&#8221; font_color=&#8221;dark&#8221; background_type=&#8221;image&#8221; background_img=&#8221;127429&#8243; background_img_lazyload=&#8221;1&#8243; shift_y=&#8221;0&#8243; z_index=&#8221;0&#8243; min_height=&#8221;550&#8243;][vc_column][vc_column_text] WHAT IS THE TASTE OF LISBON? ROTEIRO: GASTRONOMIA | SANDRA NOBRE STORYTELLER | JOANA RAY ILUSTRADORA [\/vc_column_text][\/vc_column][\/vc_row][vc_row][vc_column width=&#8221;2\/3&#8243; shift_x=&#8221;0&#8243; shift_y=&#8221;0&#8243; z_index=&#8221;0&#8243; inline_style=&#8221;text-align: justify;&#8221; css=&#8221;.vc_custom_1560873692173{padding-right: 50px !important;}&#8221;][vc_column_text]All streets in Lisbon \u2013 all of them! smell like food. There is a proper liturgy, hanging like clouds, making&#8230;<\/p>\n<p><a rel=\"bookmark\" class=\"hyperbent-button-simple wvc-button wvc-button-size-xs\" href=\"https:\/\/nosalive.com\/en\/what-taste-of-lisbon\/\"><span>Continue reading<\/span><\/a><\/p>\n","protected":false},"author":1,"featured_media":0,"parent":0,"menu_order":0,"comment_status":"closed","ping_status":"closed","template":"","meta":[],"acf":[],"yoast_head":"<!-- This site is optimized with the Yoast SEO plugin v18.5.1 - https:\/\/yoast.com\/wordpress\/plugins\/seo\/ -->\n<title>WHAT IS THE TASTE OF LISBON? | NOS Alive Festival<\/title>\n<meta name=\"robots\" content=\"index, follow, max-snippet:-1, max-image-preview:large, max-video-preview:-1\" \/>\n<link rel=\"canonical\" href=\"https:\/\/nosalive.com\/en\/what-taste-of-lisbon\/\" \/>\n<meta property=\"og:locale\" content=\"en_US\" \/>\n<meta property=\"og:type\" content=\"article\" \/>\n<meta property=\"og:title\" content=\"WHAT IS THE TASTE OF LISBON? | NOS Alive Festival\" \/>\n<meta property=\"og:description\" content=\"[vc_row content_width=&#8221;full&#8221; equal_height=&#8221;&#8221; font_color=&#8221;dark&#8221; background_type=&#8221;image&#8221; background_img=&#8221;127429&#8243; background_img_lazyload=&#8221;1&#8243; shift_y=&#8221;0&#8243; z_index=&#8221;0&#8243; min_height=&#8221;550&#8243;][vc_column][vc_column_text] WHAT IS THE TASTE OF LISBON? ROTEIRO: GASTRONOMIA | SANDRA NOBRE STORYTELLER | JOANA RAY ILUSTRADORA [\/vc_column_text][\/vc_column][\/vc_row][vc_row][vc_column width=&#8221;2\/3&#8243; shift_x=&#8221;0&#8243; shift_y=&#8221;0&#8243; z_index=&#8221;0&#8243; inline_style=&#8221;text-align: justify;&#8221; css=&#8221;.vc_custom_1560873692173{padding-right: 50px !important;}&#8221;][vc_column_text]All streets in Lisbon \u2013 all of them! smell like food. There is a proper liturgy, hanging like clouds, making...Continue reading\" \/>\n<meta property=\"og:url\" content=\"https:\/\/nosalive.com\/en\/what-taste-of-lisbon\/\" \/>\n<meta property=\"og:site_name\" content=\"NOS Alive Festival\" \/>\n<meta property=\"article:publisher\" content=\"https:\/\/www.facebook.com\/NOSalivePortugal\" \/>\n<meta property=\"article:modified_time\" content=\"2025-01-23T15:11:34+00:00\" \/>\n<meta name=\"twitter:card\" content=\"summary_large_image\" \/>\n<meta name=\"twitter:site\" content=\"@nos_alive\" \/>\n<script type=\"application\/ld+json\" class=\"yoast-schema-graph\">{\"@context\":\"https:\/\/schema.org\",\"@graph\":[{\"@type\":\"Organization\",\"@id\":\"https:\/\/nosalive.com\/#organization\",\"name\":\"NOS Alive\",\"url\":\"https:\/\/nosalive.com\/\",\"sameAs\":[\"https:\/\/www.facebook.com\/NOSalivePortugal\",\"https:\/\/www.instagram.com\/nos_alive\/\",\"https:\/\/www.youtube.com\/user\/optimusaliveofficial\",\"https:\/\/twitter.com\/nos_alive\"],\"logo\":{\"@type\":\"ImageObject\",\"@id\":\"https:\/\/nosalive.com\/#logo\",\"inLanguage\":\"en-US\",\"url\":\"https:\/\/nosalive.com\/wp-content\/uploads\/2025\/07\/NA26_Logo_Branco.png\",\"contentUrl\":\"https:\/\/nosalive.com\/wp-content\/uploads\/2025\/07\/NA26_Logo_Branco.png\",\"width\":688,\"height\":681,\"caption\":\"NOS Alive\"},\"image\":{\"@id\":\"https:\/\/nosalive.com\/#logo\"}},{\"@type\":\"WebSite\",\"@id\":\"https:\/\/nosalive.com\/#website\",\"url\":\"https:\/\/nosalive.com\/\",\"name\":\"NOS Alive Festival\",\"description\":\"O melhor cartaz, sempre!\",\"publisher\":{\"@id\":\"https:\/\/nosalive.com\/#organization\"},\"potentialAction\":[{\"@type\":\"SearchAction\",\"target\":{\"@type\":\"EntryPoint\",\"urlTemplate\":\"https:\/\/nosalive.com\/?s={search_term_string}\"},\"query-input\":\"required name=search_term_string\"}],\"inLanguage\":\"en-US\"},{\"@type\":\"WebPage\",\"@id\":\"https:\/\/nosalive.com\/en\/what-taste-of-lisbon\/#webpage\",\"url\":\"https:\/\/nosalive.com\/en\/what-taste-of-lisbon\/\",\"name\":\"WHAT IS THE TASTE OF LISBON? | NOS Alive Festival\",\"isPartOf\":{\"@id\":\"https:\/\/nosalive.com\/#website\"},\"datePublished\":\"2019-07-25T12:02:24+00:00\",\"dateModified\":\"2025-01-23T15:11:34+00:00\",\"breadcrumb\":{\"@id\":\"https:\/\/nosalive.com\/en\/what-taste-of-lisbon\/#breadcrumb\"},\"inLanguage\":\"en-US\",\"potentialAction\":[{\"@type\":\"ReadAction\",\"target\":[\"https:\/\/nosalive.com\/en\/what-taste-of-lisbon\/\"]}]},{\"@type\":\"BreadcrumbList\",\"@id\":\"https:\/\/nosalive.com\/en\/what-taste-of-lisbon\/#breadcrumb\",\"itemListElement\":[{\"@type\":\"ListItem\",\"position\":1,\"name\":\"In\u00edcio\",\"item\":\"https:\/\/nosalive.com\/en\/\"},{\"@type\":\"ListItem\",\"position\":2,\"name\":\"WHAT IS THE TASTE OF LISBON?\"}]}]}<\/script>\n<!-- \/ Yoast SEO plugin. -->","yoast_head_json":{"title":"WHAT IS THE TASTE OF LISBON? | NOS Alive Festival","robots":{"index":"index","follow":"follow","max-snippet":"max-snippet:-1","max-image-preview":"max-image-preview:large","max-video-preview":"max-video-preview:-1"},"canonical":"https:\/\/nosalive.com\/en\/what-taste-of-lisbon\/","og_locale":"en_US","og_type":"article","og_title":"WHAT IS THE TASTE OF LISBON? | NOS Alive Festival","og_description":"[vc_row content_width=&#8221;full&#8221; equal_height=&#8221;&#8221; font_color=&#8221;dark&#8221; background_type=&#8221;image&#8221; background_img=&#8221;127429&#8243; background_img_lazyload=&#8221;1&#8243; shift_y=&#8221;0&#8243; z_index=&#8221;0&#8243; min_height=&#8221;550&#8243;][vc_column][vc_column_text] WHAT IS THE TASTE OF LISBON? ROTEIRO: GASTRONOMIA | SANDRA NOBRE STORYTELLER | JOANA RAY ILUSTRADORA [\/vc_column_text][\/vc_column][\/vc_row][vc_row][vc_column width=&#8221;2\/3&#8243; shift_x=&#8221;0&#8243; shift_y=&#8221;0&#8243; z_index=&#8221;0&#8243; inline_style=&#8221;text-align: justify;&#8221; css=&#8221;.vc_custom_1560873692173{padding-right: 50px !important;}&#8221;][vc_column_text]All streets in Lisbon \u2013 all of them! smell like food. There is a proper liturgy, hanging like clouds, making...Continue reading","og_url":"https:\/\/nosalive.com\/en\/what-taste-of-lisbon\/","og_site_name":"NOS Alive Festival","article_publisher":"https:\/\/www.facebook.com\/NOSalivePortugal","article_modified_time":"2025-01-23T15:11:34+00:00","twitter_card":"summary_large_image","twitter_site":"@nos_alive","schema":{"@context":"https:\/\/schema.org","@graph":[{"@type":"Organization","@id":"https:\/\/nosalive.com\/#organization","name":"NOS Alive","url":"https:\/\/nosalive.com\/","sameAs":["https:\/\/www.facebook.com\/NOSalivePortugal","https:\/\/www.instagram.com\/nos_alive\/","https:\/\/www.youtube.com\/user\/optimusaliveofficial","https:\/\/twitter.com\/nos_alive"],"logo":{"@type":"ImageObject","@id":"https:\/\/nosalive.com\/#logo","inLanguage":"en-US","url":"https:\/\/nosalive.com\/wp-content\/uploads\/2025\/07\/NA26_Logo_Branco.png","contentUrl":"https:\/\/nosalive.com\/wp-content\/uploads\/2025\/07\/NA26_Logo_Branco.png","width":688,"height":681,"caption":"NOS Alive"},"image":{"@id":"https:\/\/nosalive.com\/#logo"}},{"@type":"WebSite","@id":"https:\/\/nosalive.com\/#website","url":"https:\/\/nosalive.com\/","name":"NOS Alive Festival","description":"O melhor cartaz, sempre!","publisher":{"@id":"https:\/\/nosalive.com\/#organization"},"potentialAction":[{"@type":"SearchAction","target":{"@type":"EntryPoint","urlTemplate":"https:\/\/nosalive.com\/?s={search_term_string}"},"query-input":"required name=search_term_string"}],"inLanguage":"en-US"},{"@type":"WebPage","@id":"https:\/\/nosalive.com\/en\/what-taste-of-lisbon\/#webpage","url":"https:\/\/nosalive.com\/en\/what-taste-of-lisbon\/","name":"WHAT IS THE TASTE OF LISBON? | NOS Alive Festival","isPartOf":{"@id":"https:\/\/nosalive.com\/#website"},"datePublished":"2019-07-25T12:02:24+00:00","dateModified":"2025-01-23T15:11:34+00:00","breadcrumb":{"@id":"https:\/\/nosalive.com\/en\/what-taste-of-lisbon\/#breadcrumb"},"inLanguage":"en-US","potentialAction":[{"@type":"ReadAction","target":["https:\/\/nosalive.com\/en\/what-taste-of-lisbon\/"]}]},{"@type":"BreadcrumbList","@id":"https:\/\/nosalive.com\/en\/what-taste-of-lisbon\/#breadcrumb","itemListElement":[{"@type":"ListItem","position":1,"name":"In\u00edcio","item":"https:\/\/nosalive.com\/en\/"},{"@type":"ListItem","position":2,"name":"WHAT IS THE TASTE OF LISBON?"}]}]}},"_links":{"self":[{"href":"https:\/\/nosalive.com\/en\/wp-json\/wp\/v2\/pages\/129004"}],"collection":[{"href":"https:\/\/nosalive.com\/en\/wp-json\/wp\/v2\/pages"}],"about":[{"href":"https:\/\/nosalive.com\/en\/wp-json\/wp\/v2\/types\/page"}],"author":[{"embeddable":true,"href":"https:\/\/nosalive.com\/en\/wp-json\/wp\/v2\/users\/1"}],"replies":[{"embeddable":true,"href":"https:\/\/nosalive.com\/en\/wp-json\/wp\/v2\/comments?post=129004"}],"version-history":[{"count":6,"href":"https:\/\/nosalive.com\/en\/wp-json\/wp\/v2\/pages\/129004\/revisions"}],"predecessor-version":[{"id":139936,"href":"https:\/\/nosalive.com\/en\/wp-json\/wp\/v2\/pages\/129004\/revisions\/139936"}],"wp:attachment":[{"href":"https:\/\/nosalive.com\/en\/wp-json\/wp\/v2\/media?parent=129004"}],"curies":[{"name":"wp","href":"https:\/\/api.w.org\/{rel}","templated":true}]}}