{"id":129014,"date":"2019-07-25T15:07:43","date_gmt":"2019-07-25T15:07:43","guid":{"rendered":"https:\/\/nosalive.com\/try-your-luck\/"},"modified":"2024-11-11T20:18:37","modified_gmt":"2024-11-11T20:18:37","slug":"try-your-luck","status":"publish","type":"page","link":"https:\/\/nosalive.com\/en\/try-your-luck\/","title":{"rendered":"TRY YOUR LUCK"},"content":{"rendered":"<p>[vc_row content_width=&#8221;full&#8221; equal_height=&#8221;&#8221; font_color=&#8221;dark&#8221; background_type=&#8221;image&#8221; background_img=&#8221;127451&#8243; background_img_lazyload=&#8221;1&#8243; shift_y=&#8221;0&#8243; z_index=&#8221;0&#8243; min_height=&#8221;825&#8243;][vc_column][vc_column_text]<\/p>\n<h1 style=\"text-align: center;\"><span class=\"lisboatitulo\">TRY YOUR LUCK<\/span><\/h1>\n<p style=\"text-align: center;\"><span class=\"lisboameta\">ROUTE: NIGHT LIFE | SANDRA NOBRE <i>STORYTELLER <\/i> | JOANA RAY <i>ILLUSTRATOR<\/i><\/span><\/p>\n<p>[\/vc_column_text][\/vc_column][\/vc_row][vc_row][vc_column width=&#8221;2\/3&#8243; shift_x=&#8221;0&#8243; shift_y=&#8221;0&#8243; z_index=&#8221;0&#8243; inline_style=&#8221;text-align: justify;&#8221; css=&#8221;.vc_custom_1560873602216{padding-right: 50px !important;}&#8221;][vc_column_text]A traveller with a guitar is always accompanied, maybe that is why we always take it with me, wherever I go. I play in the rooms where I stay, in the sofa of the friends I meet and who invite me to a meal, in any garden sitting in the ground, once in a while in bars where I dare to enter a jam session. Some nights I leave the guitar in a corner and try to vary my repertoire, that is how I found the Snooker Club Lisboa, with pool tables like the movie classics, between clouds of real cigarette smoke \u2013 another classic almost extinct \u2013, which cover the clumsiness of some. Another of my favourite places is inspired by a Clint Eastwood western, The Good, the Bad and the Ugly, which devotes much of its programme to the exhibition of short films The space is versatile and does not fit the clich\u00e9 of cinema with popcorn, interspersed with music, and the bar is a mandatory stop.[\/vc_column_text][vc_row_inner][vc_column_inner content_placement=&#8221;default&#8221; width=&#8221;1\/2&#8243;][vc_column_text]One of these days, I realised I was involved in a romantic comedy and I was not the main character I met Pablo, a Spaniard from Seville, who fell in love with a Portuguese woman, but forgot to ask her name in the night they met. For three months, he has been returning to Pens\u00e3o Amor, in an attempt to see her, but without any luck; she vanished like King Sebasti\u00e3o, the 16th king of Portugal, who disappeared at the battle of Alc\u00e1cer-Quibir, in the North of Africa. According to the legend, he will return on a foggy day. One of these Thursdays, we went for some snacks and drinks and I ended up shouting \u201col\u00e9\u201d in a bullfight, at the mythical national bullfighting hall, dating from 1892, Campo Pequeno. Pablo is a figure capable of leaving the arena on the shoulders as the best bullfighter, he is only unlucky in love, which is said to be proportional to the luck in gambling and we have just confirmed the saying.[\/vc_column_text][\/vc_column_inner][vc_column_inner content_placement=&#8221;default&#8221; width=&#8221;1\/2&#8243;][vc_single_image image=&#8221;127455&#8243; img_size=&#8221;full&#8221; full_width=&#8221;1&#8243; opacity=&#8221;100&#8243;][\/vc_column_inner][\/vc_row_inner][vc_row_inner][vc_column_inner width=&#8221;1\/2&#8243;][vc_single_image image=&#8221;127459&#8243; img_size=&#8221;full&#8221; full_width=&#8221;1&#8243; opacity=&#8221;100&#8243;][\/vc_column_inner][vc_column_inner width=&#8221;1\/2&#8243;][vc_column_text]In the Lisbon Casino, between the 1100 slot machines and Blackjack tables, the Spaniard chose the roulette He lost his head: he bet 20 euros on number 25, the same day he met the girl, red, the colour of passion, he argued. He got it right and earned 700\u20ac. By this time, we were the best friends and he wanted to celebrate with me \u2013 drown his sorrows in cocktails. We went to JNcQUOI, but as soon as we saw the appearance of a group that was arriving in their high-end cars accompanied by their babes with flashing sequins, we thought it was better to cross Avenida da Liberdade and quench the thirst at Red Frog, an old school speakeasy [which in 2017 was considered the 92nd best bar in the world on the list of The World\u2019s 50 Best Bars, which are 100 after all], recreating the ambience of the 1920s and 1930s, the time of the Prohibition, where our scratched jeans fit better. We drank as if the Prohibition had ended, which in the case of Pablo was more like drinking off the pain, and he was almost capable of composing a fado.[\/vc_column_text][\/vc_column_inner][\/vc_row_inner][vc_column_text]I have not seen him for a while, so I do not know how his story ended. I have not returned to the pension lately; I have been doing a terrace and rooftop bar circuit to enjoy the good weather. I stop at Quiosque do Cais or Mercado da Ribeira for a beer, or I play posh people and drink a flute at the Sky Bar Lisboa, in the Tivoli Liberdade Hotel, a cocktail at Zazah Good View, in the top floor of the LACS \u2013 Lisbon Art Centre &amp; Studios, leaning over the Port of Lisbon and the 25 de Abril Bridge, or I add a few botanicals to gin, at Gin Lovers in Pr\u00edncipe Real. The guitar has stayed at home, I am trying to play another song to the girls I met. E when the night does not go too well and I want to cheer up a little, I go to see M\u00f3nica\u2019s strip show at Viking, another of the city\u2019s ex-libris, and I wrap my thoughts around her legs hanging on the pole. I am not lucky at gambling, but tomorrow I will return to Tinder, and maybe love peeps around the corner.[\/vc_column_text][\/vc_column][vc_column width=&#8221;1\/3&#8243;][vc_column_text]<\/p>\n<h1 style=\"text-align: left;\">NIGHT STOPS<\/h1>\n<p><strong><span style=\"font-size: 25px;\"><span style=\"color: #f9dc0b;\">LISBOA<\/span><\/span><\/strong><br \/>\n<a href=\"http:\/\/snookerclub.pt\/snooker\" target=\"_blank\" rel=\"noopener noreferrer\">Snooker Club Lisboa<\/a><br \/>\n<a href=\"http:\/\/www.facebook.com\/obomomaueovilao\/\" target=\"_blank\" rel=\"noopener noreferrer\">O Bom O Mau e O Vil\u00e3o<\/a><br \/>\n<a href=\"http:\/\/www.campopequeno.com\/tauromaquia\/\" target=\"_blank\" rel=\"noopener noreferrer\">Pra\u00e7a de Touros do Campo Pequeno<\/a><br \/>\n<a href=\"http:\/\/www.casino-lisboa.pt\" target=\"_blank\" rel=\"noopener noreferrer\">Lisbon Casino<\/a> And <a href=\"http:\/\/www.casino-estoril.pt\" target=\"_blank\" rel=\"noopener noreferrer\">Estoril Casino<\/a><br \/>\n<a href=\"http:\/\/www.facebook.com\/pensaoamor\/\" target=\"_blank\" rel=\"noopener noreferrer\">Pens\u00e3o Amor<\/a><br \/>\n<a href=\"http:\/\/www.facebook.com\/pg\/redfrogspeakeasy\" target=\"_blank\" rel=\"noopener noreferrer\">Red Frog<\/a><br \/>\n<a href=\"http:\/\/www.facebook.com\/ginstorefood\/\" target=\"_blank\" rel=\"noopener noreferrer\">Gin Lovers Pr\u00edncipe Real<\/a><br \/>\n<a href=\"https:\/\/cervejamusa.com\" target=\"_blank\" rel=\"noopener noreferrer\">Musa<\/a><br \/>\n<a href=\"http:\/\/www.chafarizdovinho.com\" target=\"_blank\" rel=\"noopener noreferrer\">Chafariz do Vinho<\/a><br \/>\n<a href=\"http:\/\/www.facebook.com\/pages\/category\/Cafeteria\/Quiosque-do-Cais-Mercado-da-Ribeira-1617305741923425\/\" target=\"_blank\" rel=\"noopener noreferrer\">Quiosque do Cais<\/a><br \/>\n<a href=\"http:\/\/www.jncquoi.com\" target=\"_blank\" rel=\"noopener noreferrer\">JNcQUOI<\/a><br \/>\n<a href=\"http:\/\/www.skybarrooftop.com\/lisboa-pt\/\" target=\"_blank\" rel=\"noopener noreferrer\">Sky Bar Lisboa<\/a><br \/>\n<a href=\"https:\/\/zazahgoodview.pt\" target=\"_blank\" rel=\"noopener noreferrer\">Zazah Good View<\/a><br \/>\n<a href=\"http:\/\/www.facebook.com\/Viking.CaisDoSodre\/\" target=\"_blank\" rel=\"noopener noreferrer\">Viking<\/a>[\/vc_column_text][\/vc_column][\/vc_row]<\/p>\n","protected":false},"excerpt":{"rendered":"<p>[vc_row content_width=&#8221;full&#8221; equal_height=&#8221;&#8221; font_color=&#8221;dark&#8221; background_type=&#8221;image&#8221; background_img=&#8221;127451&#8243; background_img_lazyload=&#8221;1&#8243; shift_y=&#8221;0&#8243; z_index=&#8221;0&#8243; min_height=&#8221;825&#8243;][vc_column][vc_column_text] TRY YOUR LUCK ROUTE: NIGHT LIFE | SANDRA NOBRE STORYTELLER | JOANA RAY ILLUSTRATOR [\/vc_column_text][\/vc_column][\/vc_row][vc_row][vc_column width=&#8221;2\/3&#8243; shift_x=&#8221;0&#8243; shift_y=&#8221;0&#8243; z_index=&#8221;0&#8243; inline_style=&#8221;text-align: justify;&#8221; css=&#8221;.vc_custom_1560873602216{padding-right: 50px !important;}&#8221;][vc_column_text]A traveller with a guitar is always accompanied, maybe that is why we always take it with me, wherever I go. I&#8230;<\/p>\n<p><a rel=\"bookmark\" class=\"hyperbent-button-simple wvc-button wvc-button-size-xs\" href=\"https:\/\/nosalive.com\/en\/try-your-luck\/\"><span>Continue reading<\/span><\/a><\/p>\n","protected":false},"author":1,"featured_media":0,"parent":0,"menu_order":0,"comment_status":"closed","ping_status":"closed","template":"","meta":[],"acf":[],"yoast_head":"<!-- This site is optimized with the Yoast SEO plugin v18.5.1 - https:\/\/yoast.com\/wordpress\/plugins\/seo\/ -->\n<title>TRY YOUR LUCK | NOS Alive Festival<\/title>\n<meta name=\"robots\" content=\"index, follow, max-snippet:-1, max-image-preview:large, max-video-preview:-1\" \/>\n<link rel=\"canonical\" href=\"https:\/\/nosalive.com\/en\/try-your-luck\/\" \/>\n<meta property=\"og:locale\" content=\"en_US\" \/>\n<meta property=\"og:type\" content=\"article\" \/>\n<meta property=\"og:title\" content=\"TRY YOUR LUCK | NOS Alive Festival\" \/>\n<meta property=\"og:description\" content=\"[vc_row content_width=&#8221;full&#8221; equal_height=&#8221;&#8221; font_color=&#8221;dark&#8221; background_type=&#8221;image&#8221; background_img=&#8221;127451&#8243; background_img_lazyload=&#8221;1&#8243; shift_y=&#8221;0&#8243; z_index=&#8221;0&#8243; min_height=&#8221;825&#8243;][vc_column][vc_column_text] TRY YOUR LUCK ROUTE: NIGHT LIFE | SANDRA NOBRE STORYTELLER | JOANA RAY ILLUSTRATOR [\/vc_column_text][\/vc_column][\/vc_row][vc_row][vc_column width=&#8221;2\/3&#8243; shift_x=&#8221;0&#8243; shift_y=&#8221;0&#8243; z_index=&#8221;0&#8243; inline_style=&#8221;text-align: justify;&#8221; css=&#8221;.vc_custom_1560873602216{padding-right: 50px !important;}&#8221;][vc_column_text]A traveller with a guitar is always accompanied, maybe that is why we always take it with me, wherever I go. I...Continue reading\" \/>\n<meta property=\"og:url\" content=\"https:\/\/nosalive.com\/en\/try-your-luck\/\" \/>\n<meta property=\"og:site_name\" content=\"NOS Alive Festival\" \/>\n<meta property=\"article:publisher\" content=\"https:\/\/www.facebook.com\/NOSalivePortugal\" \/>\n<meta property=\"article:modified_time\" content=\"2024-11-11T20:18:37+00:00\" \/>\n<meta name=\"twitter:card\" content=\"summary_large_image\" \/>\n<meta name=\"twitter:site\" content=\"@nos_alive\" \/>\n<script type=\"application\/ld+json\" class=\"yoast-schema-graph\">{\"@context\":\"https:\/\/schema.org\",\"@graph\":[{\"@type\":\"Organization\",\"@id\":\"https:\/\/nosalive.com\/#organization\",\"name\":\"NOS Alive\",\"url\":\"https:\/\/nosalive.com\/\",\"sameAs\":[\"https:\/\/www.facebook.com\/NOSalivePortugal\",\"https:\/\/www.instagram.com\/nos_alive\/\",\"https:\/\/www.youtube.com\/user\/optimusaliveofficial\",\"https:\/\/twitter.com\/nos_alive\"],\"logo\":{\"@type\":\"ImageObject\",\"@id\":\"https:\/\/nosalive.com\/#logo\",\"inLanguage\":\"en-US\",\"url\":\"https:\/\/nosalive.com\/wp-content\/uploads\/2025\/07\/NA26_Logo_Branco.png\",\"contentUrl\":\"https:\/\/nosalive.com\/wp-content\/uploads\/2025\/07\/NA26_Logo_Branco.png\",\"width\":688,\"height\":681,\"caption\":\"NOS Alive\"},\"image\":{\"@id\":\"https:\/\/nosalive.com\/#logo\"}},{\"@type\":\"WebSite\",\"@id\":\"https:\/\/nosalive.com\/#website\",\"url\":\"https:\/\/nosalive.com\/\",\"name\":\"NOS Alive Festival\",\"description\":\"O melhor cartaz, sempre!\",\"publisher\":{\"@id\":\"https:\/\/nosalive.com\/#organization\"},\"potentialAction\":[{\"@type\":\"SearchAction\",\"target\":{\"@type\":\"EntryPoint\",\"urlTemplate\":\"https:\/\/nosalive.com\/?s={search_term_string}\"},\"query-input\":\"required name=search_term_string\"}],\"inLanguage\":\"en-US\"},{\"@type\":\"WebPage\",\"@id\":\"https:\/\/nosalive.com\/en\/try-your-luck\/#webpage\",\"url\":\"https:\/\/nosalive.com\/en\/try-your-luck\/\",\"name\":\"TRY YOUR LUCK | NOS Alive Festival\",\"isPartOf\":{\"@id\":\"https:\/\/nosalive.com\/#website\"},\"datePublished\":\"2019-07-25T15:07:43+00:00\",\"dateModified\":\"2024-11-11T20:18:37+00:00\",\"breadcrumb\":{\"@id\":\"https:\/\/nosalive.com\/en\/try-your-luck\/#breadcrumb\"},\"inLanguage\":\"en-US\",\"potentialAction\":[{\"@type\":\"ReadAction\",\"target\":[\"https:\/\/nosalive.com\/en\/try-your-luck\/\"]}]},{\"@type\":\"BreadcrumbList\",\"@id\":\"https:\/\/nosalive.com\/en\/try-your-luck\/#breadcrumb\",\"itemListElement\":[{\"@type\":\"ListItem\",\"position\":1,\"name\":\"In\u00edcio\",\"item\":\"https:\/\/nosalive.com\/en\/\"},{\"@type\":\"ListItem\",\"position\":2,\"name\":\"TRY YOUR LUCK\"}]}]}<\/script>\n<!-- \/ Yoast SEO plugin. -->","yoast_head_json":{"title":"TRY YOUR LUCK | NOS Alive Festival","robots":{"index":"index","follow":"follow","max-snippet":"max-snippet:-1","max-image-preview":"max-image-preview:large","max-video-preview":"max-video-preview:-1"},"canonical":"https:\/\/nosalive.com\/en\/try-your-luck\/","og_locale":"en_US","og_type":"article","og_title":"TRY YOUR LUCK | NOS Alive Festival","og_description":"[vc_row content_width=&#8221;full&#8221; equal_height=&#8221;&#8221; font_color=&#8221;dark&#8221; background_type=&#8221;image&#8221; background_img=&#8221;127451&#8243; background_img_lazyload=&#8221;1&#8243; shift_y=&#8221;0&#8243; z_index=&#8221;0&#8243; min_height=&#8221;825&#8243;][vc_column][vc_column_text] TRY YOUR LUCK ROUTE: NIGHT LIFE | SANDRA NOBRE STORYTELLER | JOANA RAY ILLUSTRATOR [\/vc_column_text][\/vc_column][\/vc_row][vc_row][vc_column width=&#8221;2\/3&#8243; shift_x=&#8221;0&#8243; shift_y=&#8221;0&#8243; z_index=&#8221;0&#8243; inline_style=&#8221;text-align: justify;&#8221; css=&#8221;.vc_custom_1560873602216{padding-right: 50px !important;}&#8221;][vc_column_text]A traveller with a guitar is always accompanied, maybe that is why we always take it with me, wherever I go. I...Continue reading","og_url":"https:\/\/nosalive.com\/en\/try-your-luck\/","og_site_name":"NOS Alive Festival","article_publisher":"https:\/\/www.facebook.com\/NOSalivePortugal","article_modified_time":"2024-11-11T20:18:37+00:00","twitter_card":"summary_large_image","twitter_site":"@nos_alive","schema":{"@context":"https:\/\/schema.org","@graph":[{"@type":"Organization","@id":"https:\/\/nosalive.com\/#organization","name":"NOS Alive","url":"https:\/\/nosalive.com\/","sameAs":["https:\/\/www.facebook.com\/NOSalivePortugal","https:\/\/www.instagram.com\/nos_alive\/","https:\/\/www.youtube.com\/user\/optimusaliveofficial","https:\/\/twitter.com\/nos_alive"],"logo":{"@type":"ImageObject","@id":"https:\/\/nosalive.com\/#logo","inLanguage":"en-US","url":"https:\/\/nosalive.com\/wp-content\/uploads\/2025\/07\/NA26_Logo_Branco.png","contentUrl":"https:\/\/nosalive.com\/wp-content\/uploads\/2025\/07\/NA26_Logo_Branco.png","width":688,"height":681,"caption":"NOS Alive"},"image":{"@id":"https:\/\/nosalive.com\/#logo"}},{"@type":"WebSite","@id":"https:\/\/nosalive.com\/#website","url":"https:\/\/nosalive.com\/","name":"NOS Alive Festival","description":"O melhor cartaz, sempre!","publisher":{"@id":"https:\/\/nosalive.com\/#organization"},"potentialAction":[{"@type":"SearchAction","target":{"@type":"EntryPoint","urlTemplate":"https:\/\/nosalive.com\/?s={search_term_string}"},"query-input":"required name=search_term_string"}],"inLanguage":"en-US"},{"@type":"WebPage","@id":"https:\/\/nosalive.com\/en\/try-your-luck\/#webpage","url":"https:\/\/nosalive.com\/en\/try-your-luck\/","name":"TRY YOUR LUCK | NOS Alive Festival","isPartOf":{"@id":"https:\/\/nosalive.com\/#website"},"datePublished":"2019-07-25T15:07:43+00:00","dateModified":"2024-11-11T20:18:37+00:00","breadcrumb":{"@id":"https:\/\/nosalive.com\/en\/try-your-luck\/#breadcrumb"},"inLanguage":"en-US","potentialAction":[{"@type":"ReadAction","target":["https:\/\/nosalive.com\/en\/try-your-luck\/"]}]},{"@type":"BreadcrumbList","@id":"https:\/\/nosalive.com\/en\/try-your-luck\/#breadcrumb","itemListElement":[{"@type":"ListItem","position":1,"name":"In\u00edcio","item":"https:\/\/nosalive.com\/en\/"},{"@type":"ListItem","position":2,"name":"TRY YOUR LUCK"}]}]}},"_links":{"self":[{"href":"https:\/\/nosalive.com\/en\/wp-json\/wp\/v2\/pages\/129014"}],"collection":[{"href":"https:\/\/nosalive.com\/en\/wp-json\/wp\/v2\/pages"}],"about":[{"href":"https:\/\/nosalive.com\/en\/wp-json\/wp\/v2\/types\/page"}],"author":[{"embeddable":true,"href":"https:\/\/nosalive.com\/en\/wp-json\/wp\/v2\/users\/1"}],"replies":[{"embeddable":true,"href":"https:\/\/nosalive.com\/en\/wp-json\/wp\/v2\/comments?post=129014"}],"version-history":[{"count":1,"href":"https:\/\/nosalive.com\/en\/wp-json\/wp\/v2\/pages\/129014\/revisions"}],"predecessor-version":[{"id":138968,"href":"https:\/\/nosalive.com\/en\/wp-json\/wp\/v2\/pages\/129014\/revisions\/138968"}],"wp:attachment":[{"href":"https:\/\/nosalive.com\/en\/wp-json\/wp\/v2\/media?parent=129014"}],"curies":[{"name":"wp","href":"https:\/\/api.w.org\/{rel}","templated":true}]}}