{"id":129022,"date":"2019-07-25T15:59:35","date_gmt":"2019-07-25T15:59:35","guid":{"rendered":"https:\/\/nosalive.com\/peek-through-other-windows\/"},"modified":"2024-11-11T20:18:43","modified_gmt":"2024-11-11T20:18:43","slug":"peek-through-other-windows","status":"publish","type":"page","link":"https:\/\/nosalive.com\/en\/peek-through-other-windows\/","title":{"rendered":"PEEK THROUGH OTHER WINDOWS"},"content":{"rendered":"<p>[vc_row content_width=&#8221;full&#8221; equal_height=&#8221;&#8221; font_color=&#8221;dark&#8221; background_type=&#8221;image&#8221; background_img=&#8221;127507&#8243; background_img_lazyload=&#8221;1&#8243; shift_y=&#8221;0&#8243; z_index=&#8221;0&#8243; min_height=&#8221;825&#8243;][vc_column][vc_column_text]<\/p>\n<h1 style=\"text-align: center;\"><span class=\"lisboatitulo\">PEEK THROUGH OTHER WINDOWS<\/span><\/h1>\n<p style=\"text-align: center;\"><span class=\"lisboameta\">ROUTE: HERITAGE | SANDRA NOBRE <i>STORYTELLER <\/i> | JOANA RAY <i>ILLUSTRATOR<\/i><\/span><\/p>\n<p>[\/vc_column_text][\/vc_column][\/vc_row][vc_row][vc_column width=&#8221;2\/3&#8243; shift_x=&#8221;0&#8243; shift_y=&#8221;0&#8243; z_index=&#8221;0&#8243; inline_style=&#8221;text-align: justify;&#8221; css=&#8221;.vc_custom_1560873602216{padding-right: 50px !important;}&#8221;][vc_column_text]Lisbon does not parade at the window as I move, as if it made a night trip with the curtain closed. Between one stop and another, a beam of light, the amazement, a museum of different styles, large rooms, where architecture intersects with painting, sculpture and words. Every day I discover a new stop, a new artist, and, when I ascend to the surface, I am close to a cathedral, a museum, a church. All the guides suggest a ride on Tram 28, but a long-time friend introduced me to a poem that says: \u201cNo, I won\u2019t go that way! I only go where my own steps take me\u2026\u201d (Black Chant, Jos\u00e9 R\u00e9gio) and I made it my motto in the city, such as in life.[\/vc_column_text][vc_row_inner][vc_column_inner content_placement=&#8221;default&#8221; width=&#8221;1\/2&#8243;][vc_column_text]Discovering Lisbon by following the different Tube lines is, in itself, a cultural experience. Meeting Siza Vieira, one of the greatest in world architecture, in Baixa-Chiado (blue line). Diving in the colourful world of the visual artist Jos\u00e9 de Guimar\u00e3es, in Carnide (blue line). Admiring the geometrical compositions that celebrate the couple Arpad Szenes and Vieira da Silva, reproduced in tiles, by another great artist of painting and ceramics, Manuel Cargaleiro, in Rato (yellow line). I follow the rushed steps of the rabbit from Alice in Wonderland, by Lewis Carroll, drawn by the surrealist Ant\u00f3nio Dacosta and interpreted by Pedro Morais. I never get tired of the words of Almada Negreiros inscribed in Saldanha (red line): \u201cWhen I was born, all the sentences to save humanity had already been written, just one thing was lacking &#8211; to save humanity\u201d.<br \/>\nOn the surface, every man if for himself, among tuk-tuks with no rules, slow trams, illegally parked cars, erratic scooters. Better to take a cacilheiro boat and see the city at the pace of the Tagus, as if strumming the strings of a Portuguese guitar.[\/vc_column_text][\/vc_column_inner][vc_column_inner content_placement=&#8221;default&#8221; width=&#8221;1\/2&#8243;][vc_single_image image=&#8221;127511&#8243; img_size=&#8221;full&#8221; full_width=&#8221;1&#8243; opacity=&#8221;100&#8243;][\/vc_column_inner][\/vc_row_inner][vc_row_inner][vc_column_inner width=&#8221;1\/2&#8243;][vc_single_image image=&#8221;127515&#8243; img_size=&#8221;full&#8221; full_width=&#8221;1&#8243; opacity=&#8221;100&#8243;][\/vc_column_inner][vc_column_inner width=&#8221;1\/2&#8243;][vc_column_text]Lisbon has poetry between the lines. In the narrow alleyways of historic quarters, with clothes hanging in the wind and elderly residents at the window. In all that the sight can reach, from viewpoints on the top of its seven hills to the architectural traces which circumvent the dome of the National Pantheon, home of the most illustrious Portuguese figures \u2013 from Lu\u00eds de Cam\u00f5es (poet immortalised by its work Os Lus\u00edadas) and Vasco da Gama (Portuguese navigator who discovered the sea route to India) to Am\u00e1lia Rodrigues (the queen of fado) and Eus\u00e9bio (great footballer, nicknamed the \u201cBlack Panther\u201d) \u2013, or follow the modern curves by the river of MAAT-Museum of Art, Architecture and Technology.[\/vc_column_text][\/vc_column_inner][\/vc_row_inner][vc_column_text]From the historical heritage that recalls the 1755 earthquake, such as the Church of S\u00e3o Domingos, in Rossio Square, a living memory of the destruction, later marked by a fire in 1954, which painted it inside in black, or the ruins of the Convent of Carmo, which was the main Gothic church in the capital, now the Archaeological Museum of Carmo, a frequent stage for shows, to the natural heritage of the Botanical Garden, which includes the Museums of Natural History and of Science, which gathers more than 140 years of history and dedication to botanical research, or Estufa Fria, designed at the beginning of the 20th century to house plant species from all over the world, Lisbon cannot fit fully in a window. It takes many trips to discover it. No, I won\u2019t go that way! I sit down for a coffee with Fernando Pessoa, at Brasileira, while I discover his book Lisbon \u2013 What the Tourist Should See, another window ajar, waiting for curious looks and adventurous spirits.[\/vc_column_text][\/vc_column][vc_column width=&#8221;1\/3&#8243;][vc_column_text]<\/p>\n<h1 style=\"text-align: left;\">OPEN THE CURTAIN\u2026<br \/>\nWHAT TO SEE?<\/h1>\n<p><strong><span style=\"font-size: 25px;\"><span style=\"color: #f9dc0b;\">LISBOA<\/span><\/span><\/strong><br \/>\n<a href=\"http:\/\/www.metrolisboa.pt\/viver\/arte-nas-estacoes\/\" target=\"_blank\" rel=\"noopener noreferrer\">Metropolitano de Lisboa<\/a><br \/>\n<a href=\"https:\/\/gulbenkian.pt\" target=\"_blank\" rel=\"noopener noreferrer\">Funda\u00e7\u00e3o Calouste Gulbenkian<\/a><br \/>\n<a href=\"http:\/\/www.ccb.pt\" target=\"_blank\" rel=\"noopener noreferrer\">Centro Cultural de Bel\u00e9m<\/a><br \/>\n<a href=\"http:\/\/www.josesaramago.org\" target=\"_blank\" rel=\"noopener noreferrer\">Casa dos Bicos<\/a><br \/>\n<a href=\"http:\/\/www.museudelisboa.pt\" target=\"_blank\" rel=\"noopener noreferrer\">Museu de Lisboa \u2013 Pal\u00e1cio Pimenta<\/a><br \/>\n<a href=\"https:\/\/castelodesaojorge.pt\" target=\"_blank\" rel=\"noopener noreferrer\">Castelo de S\u00e3o Jorge<\/a><br \/>\n<a href=\"http:\/\/www.mosteirojeronimos.gov.pt\" target=\"_blank\" rel=\"noopener noreferrer\">Mosteiro dos Jer\u00f3nimos<\/a><br \/>\n<a href=\"http:\/\/www.museudearteantiga.pt\" target=\"_blank\" rel=\"noopener noreferrer\">Museu de Arte Antiga<\/a><br \/>\n<a href=\"https:\/\/www.visitportugal.com\/pt-pt\/content\/se-catedral-de-lisboa\" target=\"_blank\" rel=\"noopener noreferrer\">S\u00e9 Catedral de Lisboa<\/a><br \/>\n<a href=\"http:\/\/www.cm-lisboa.pt\/equipamentos\/equipamento\/info\/basilica-da-estrela\" target=\"_blank\" rel=\"noopener noreferrer\">Bas\u00edlica da Estrela<\/a><br \/>\n<a href=\"http:\/\/www.epal.pt\/EPAL\/menu\/museu-da-%C3%A1gua\" target=\"_blank\" rel=\"noopener noreferrer\">Reservat\u00f3rio da M\u00e3e d\u2019 \u00c1gua das Amoreiras<\/a><br \/>\n<a href=\"http:\/\/www.ticketea.pt\/bilhetes\/miradouro-arco-rua-augusta-lisboa\/\" target=\"_blank\" rel=\"noopener noreferrer\">Miradouro do Arco da Rua Augusta<\/a><\/p>\n<p><strong><span style=\"font-size: 25px;\"><span style=\"color: #f9dc0b;\">AROUND LISBON\u00a0<\/span><\/span><\/strong><br \/>\n<a href=\"http:\/\/www.cm-oeiras.pt\/pt\/descobrir\/Paginas\/palacio_marques_de_pombal.aspx\" target=\"_blank\" rel=\"noopener noreferrer\">Pal\u00e1cio Marqu\u00eas de Pombal (Oeiras)<\/a><br \/>\n<a href=\"http:\/\/www.casadashistoriaspaularego.com\" target=\"_blank\" rel=\"noopener noreferrer\">Casa das Hist\u00f3rias Paula Rego (Cascais)<\/a><br \/>\n<a href=\"http:\/\/www.casadashistoriaspaularego.com\" target=\"_blank\" rel=\"noopener noreferrer\">Quinta da Regaleira (Sintra)<\/a><br \/>\n<a href=\"https:\/\/www.parquesdesintra.pt\/parques-jardins-e-monumentos\" target=\"_blank\" rel=\"noopener noreferrer\">Parque e Pal\u00e1cio de Queluz (Queluz)<\/a><br \/>\n<a href=\"https:\/\/www.parquesdesintra.pt\/parques-jardins-e-monumentos\" target=\"_blank\" rel=\"noopener noreferrer\">Parque e Pal\u00e1cio da Pena (Sintra)<\/a><br \/>\n<a href=\"https:\/\/www.parquesdesintra.pt\/parques-jardins-e-monumentos\" target=\"_blank\" rel=\"noopener noreferrer\">Parque e Pal\u00e1cio da Vila (Sintra)<\/a><br \/>\n<a href=\"https:\/\/www.parquesdesintra.pt\/parques-jardins-e-monumentos\" target=\"_blank\" rel=\"noopener noreferrer\">Parque e Pal\u00e1cio da Monserrate (Sintra)<\/a>[\/vc_column_text][\/vc_column][\/vc_row]<\/p>\n","protected":false},"excerpt":{"rendered":"<p>[vc_row content_width=&#8221;full&#8221; equal_height=&#8221;&#8221; font_color=&#8221;dark&#8221; background_type=&#8221;image&#8221; background_img=&#8221;127507&#8243; background_img_lazyload=&#8221;1&#8243; shift_y=&#8221;0&#8243; z_index=&#8221;0&#8243; min_height=&#8221;825&#8243;][vc_column][vc_column_text] PEEK THROUGH OTHER WINDOWS ROUTE: HERITAGE | SANDRA NOBRE STORYTELLER | JOANA RAY ILLUSTRATOR [\/vc_column_text][\/vc_column][\/vc_row][vc_row][vc_column width=&#8221;2\/3&#8243; shift_x=&#8221;0&#8243; shift_y=&#8221;0&#8243; z_index=&#8221;0&#8243; inline_style=&#8221;text-align: justify;&#8221; css=&#8221;.vc_custom_1560873602216{padding-right: 50px !important;}&#8221;][vc_column_text]Lisbon does not parade at the window as I move, as if it made a night trip with the curtain closed. Between&#8230;<\/p>\n<p><a rel=\"bookmark\" class=\"hyperbent-button-simple wvc-button wvc-button-size-xs\" href=\"https:\/\/nosalive.com\/en\/peek-through-other-windows\/\"><span>Continue reading<\/span><\/a><\/p>\n","protected":false},"author":1,"featured_media":0,"parent":0,"menu_order":0,"comment_status":"closed","ping_status":"closed","template":"","meta":[],"acf":[],"yoast_head":"<!-- This site is optimized with the Yoast SEO plugin v18.5.1 - https:\/\/yoast.com\/wordpress\/plugins\/seo\/ -->\n<title>PEEK THROUGH OTHER WINDOWS | NOS Alive Festival<\/title>\n<meta name=\"robots\" content=\"index, follow, max-snippet:-1, max-image-preview:large, max-video-preview:-1\" \/>\n<link rel=\"canonical\" href=\"https:\/\/nosalive.com\/en\/peek-through-other-windows\/\" \/>\n<meta property=\"og:locale\" content=\"en_US\" \/>\n<meta property=\"og:type\" content=\"article\" \/>\n<meta property=\"og:title\" content=\"PEEK THROUGH OTHER WINDOWS | NOS Alive Festival\" \/>\n<meta property=\"og:description\" content=\"[vc_row content_width=&#8221;full&#8221; equal_height=&#8221;&#8221; font_color=&#8221;dark&#8221; background_type=&#8221;image&#8221; background_img=&#8221;127507&#8243; background_img_lazyload=&#8221;1&#8243; shift_y=&#8221;0&#8243; z_index=&#8221;0&#8243; min_height=&#8221;825&#8243;][vc_column][vc_column_text] PEEK THROUGH OTHER WINDOWS ROUTE: HERITAGE | SANDRA NOBRE STORYTELLER | JOANA RAY ILLUSTRATOR [\/vc_column_text][\/vc_column][\/vc_row][vc_row][vc_column width=&#8221;2\/3&#8243; shift_x=&#8221;0&#8243; shift_y=&#8221;0&#8243; z_index=&#8221;0&#8243; inline_style=&#8221;text-align: justify;&#8221; css=&#8221;.vc_custom_1560873602216{padding-right: 50px !important;}&#8221;][vc_column_text]Lisbon does not parade at the window as I move, as if it made a night trip with the curtain closed. Between...Continue reading\" \/>\n<meta property=\"og:url\" content=\"https:\/\/nosalive.com\/en\/peek-through-other-windows\/\" \/>\n<meta property=\"og:site_name\" content=\"NOS Alive Festival\" \/>\n<meta property=\"article:publisher\" content=\"https:\/\/www.facebook.com\/NOSalivePortugal\" \/>\n<meta property=\"article:modified_time\" content=\"2024-11-11T20:18:43+00:00\" \/>\n<meta name=\"twitter:card\" content=\"summary_large_image\" \/>\n<meta name=\"twitter:site\" content=\"@nos_alive\" \/>\n<script type=\"application\/ld+json\" class=\"yoast-schema-graph\">{\"@context\":\"https:\/\/schema.org\",\"@graph\":[{\"@type\":\"Organization\",\"@id\":\"https:\/\/nosalive.com\/#organization\",\"name\":\"NOS Alive\",\"url\":\"https:\/\/nosalive.com\/\",\"sameAs\":[\"https:\/\/www.facebook.com\/NOSalivePortugal\",\"https:\/\/www.instagram.com\/nos_alive\/\",\"https:\/\/www.youtube.com\/user\/optimusaliveofficial\",\"https:\/\/twitter.com\/nos_alive\"],\"logo\":{\"@type\":\"ImageObject\",\"@id\":\"https:\/\/nosalive.com\/#logo\",\"inLanguage\":\"en-US\",\"url\":\"https:\/\/nosalive.com\/wp-content\/uploads\/2025\/07\/NA26_Logo_Branco.png\",\"contentUrl\":\"https:\/\/nosalive.com\/wp-content\/uploads\/2025\/07\/NA26_Logo_Branco.png\",\"width\":688,\"height\":681,\"caption\":\"NOS Alive\"},\"image\":{\"@id\":\"https:\/\/nosalive.com\/#logo\"}},{\"@type\":\"WebSite\",\"@id\":\"https:\/\/nosalive.com\/#website\",\"url\":\"https:\/\/nosalive.com\/\",\"name\":\"NOS Alive Festival\",\"description\":\"O melhor cartaz, sempre!\",\"publisher\":{\"@id\":\"https:\/\/nosalive.com\/#organization\"},\"potentialAction\":[{\"@type\":\"SearchAction\",\"target\":{\"@type\":\"EntryPoint\",\"urlTemplate\":\"https:\/\/nosalive.com\/?s={search_term_string}\"},\"query-input\":\"required name=search_term_string\"}],\"inLanguage\":\"en-US\"},{\"@type\":\"WebPage\",\"@id\":\"https:\/\/nosalive.com\/en\/peek-through-other-windows\/#webpage\",\"url\":\"https:\/\/nosalive.com\/en\/peek-through-other-windows\/\",\"name\":\"PEEK THROUGH OTHER WINDOWS | NOS Alive Festival\",\"isPartOf\":{\"@id\":\"https:\/\/nosalive.com\/#website\"},\"datePublished\":\"2019-07-25T15:59:35+00:00\",\"dateModified\":\"2024-11-11T20:18:43+00:00\",\"breadcrumb\":{\"@id\":\"https:\/\/nosalive.com\/en\/peek-through-other-windows\/#breadcrumb\"},\"inLanguage\":\"en-US\",\"potentialAction\":[{\"@type\":\"ReadAction\",\"target\":[\"https:\/\/nosalive.com\/en\/peek-through-other-windows\/\"]}]},{\"@type\":\"BreadcrumbList\",\"@id\":\"https:\/\/nosalive.com\/en\/peek-through-other-windows\/#breadcrumb\",\"itemListElement\":[{\"@type\":\"ListItem\",\"position\":1,\"name\":\"In\u00edcio\",\"item\":\"https:\/\/nosalive.com\/en\/\"},{\"@type\":\"ListItem\",\"position\":2,\"name\":\"PEEK THROUGH OTHER WINDOWS\"}]}]}<\/script>\n<!-- \/ Yoast SEO plugin. -->","yoast_head_json":{"title":"PEEK THROUGH OTHER WINDOWS | NOS Alive Festival","robots":{"index":"index","follow":"follow","max-snippet":"max-snippet:-1","max-image-preview":"max-image-preview:large","max-video-preview":"max-video-preview:-1"},"canonical":"https:\/\/nosalive.com\/en\/peek-through-other-windows\/","og_locale":"en_US","og_type":"article","og_title":"PEEK THROUGH OTHER WINDOWS | NOS Alive Festival","og_description":"[vc_row content_width=&#8221;full&#8221; equal_height=&#8221;&#8221; font_color=&#8221;dark&#8221; background_type=&#8221;image&#8221; background_img=&#8221;127507&#8243; background_img_lazyload=&#8221;1&#8243; shift_y=&#8221;0&#8243; z_index=&#8221;0&#8243; min_height=&#8221;825&#8243;][vc_column][vc_column_text] PEEK THROUGH OTHER WINDOWS ROUTE: HERITAGE | SANDRA NOBRE STORYTELLER | JOANA RAY ILLUSTRATOR [\/vc_column_text][\/vc_column][\/vc_row][vc_row][vc_column width=&#8221;2\/3&#8243; shift_x=&#8221;0&#8243; shift_y=&#8221;0&#8243; z_index=&#8221;0&#8243; inline_style=&#8221;text-align: justify;&#8221; css=&#8221;.vc_custom_1560873602216{padding-right: 50px !important;}&#8221;][vc_column_text]Lisbon does not parade at the window as I move, as if it made a night trip with the curtain closed. Between...Continue reading","og_url":"https:\/\/nosalive.com\/en\/peek-through-other-windows\/","og_site_name":"NOS Alive Festival","article_publisher":"https:\/\/www.facebook.com\/NOSalivePortugal","article_modified_time":"2024-11-11T20:18:43+00:00","twitter_card":"summary_large_image","twitter_site":"@nos_alive","schema":{"@context":"https:\/\/schema.org","@graph":[{"@type":"Organization","@id":"https:\/\/nosalive.com\/#organization","name":"NOS Alive","url":"https:\/\/nosalive.com\/","sameAs":["https:\/\/www.facebook.com\/NOSalivePortugal","https:\/\/www.instagram.com\/nos_alive\/","https:\/\/www.youtube.com\/user\/optimusaliveofficial","https:\/\/twitter.com\/nos_alive"],"logo":{"@type":"ImageObject","@id":"https:\/\/nosalive.com\/#logo","inLanguage":"en-US","url":"https:\/\/nosalive.com\/wp-content\/uploads\/2025\/07\/NA26_Logo_Branco.png","contentUrl":"https:\/\/nosalive.com\/wp-content\/uploads\/2025\/07\/NA26_Logo_Branco.png","width":688,"height":681,"caption":"NOS Alive"},"image":{"@id":"https:\/\/nosalive.com\/#logo"}},{"@type":"WebSite","@id":"https:\/\/nosalive.com\/#website","url":"https:\/\/nosalive.com\/","name":"NOS Alive Festival","description":"O melhor cartaz, sempre!","publisher":{"@id":"https:\/\/nosalive.com\/#organization"},"potentialAction":[{"@type":"SearchAction","target":{"@type":"EntryPoint","urlTemplate":"https:\/\/nosalive.com\/?s={search_term_string}"},"query-input":"required name=search_term_string"}],"inLanguage":"en-US"},{"@type":"WebPage","@id":"https:\/\/nosalive.com\/en\/peek-through-other-windows\/#webpage","url":"https:\/\/nosalive.com\/en\/peek-through-other-windows\/","name":"PEEK THROUGH OTHER WINDOWS | NOS Alive Festival","isPartOf":{"@id":"https:\/\/nosalive.com\/#website"},"datePublished":"2019-07-25T15:59:35+00:00","dateModified":"2024-11-11T20:18:43+00:00","breadcrumb":{"@id":"https:\/\/nosalive.com\/en\/peek-through-other-windows\/#breadcrumb"},"inLanguage":"en-US","potentialAction":[{"@type":"ReadAction","target":["https:\/\/nosalive.com\/en\/peek-through-other-windows\/"]}]},{"@type":"BreadcrumbList","@id":"https:\/\/nosalive.com\/en\/peek-through-other-windows\/#breadcrumb","itemListElement":[{"@type":"ListItem","position":1,"name":"In\u00edcio","item":"https:\/\/nosalive.com\/en\/"},{"@type":"ListItem","position":2,"name":"PEEK THROUGH OTHER WINDOWS"}]}]}},"_links":{"self":[{"href":"https:\/\/nosalive.com\/en\/wp-json\/wp\/v2\/pages\/129022"}],"collection":[{"href":"https:\/\/nosalive.com\/en\/wp-json\/wp\/v2\/pages"}],"about":[{"href":"https:\/\/nosalive.com\/en\/wp-json\/wp\/v2\/types\/page"}],"author":[{"embeddable":true,"href":"https:\/\/nosalive.com\/en\/wp-json\/wp\/v2\/users\/1"}],"replies":[{"embeddable":true,"href":"https:\/\/nosalive.com\/en\/wp-json\/wp\/v2\/comments?post=129022"}],"version-history":[{"count":1,"href":"https:\/\/nosalive.com\/en\/wp-json\/wp\/v2\/pages\/129022\/revisions"}],"predecessor-version":[{"id":138967,"href":"https:\/\/nosalive.com\/en\/wp-json\/wp\/v2\/pages\/129022\/revisions\/138967"}],"wp:attachment":[{"href":"https:\/\/nosalive.com\/en\/wp-json\/wp\/v2\/media?parent=129022"}],"curies":[{"name":"wp","href":"https:\/\/api.w.org\/{rel}","templated":true}]}}