{"id":129033,"date":"2019-07-25T16:24:50","date_gmt":"2019-07-25T16:24:50","guid":{"rendered":"https:\/\/nosalive.com\/paly-your-music-on-the-jukebox\/"},"modified":"2024-11-11T20:18:50","modified_gmt":"2024-11-11T20:18:50","slug":"paly-your-music-on-the-jukebox","status":"publish","type":"page","link":"https:\/\/nosalive.com\/en\/paly-your-music-on-the-jukebox\/","title":{"rendered":"PLAY YOUR MUSIC ON THE JUKEBOX"},"content":{"rendered":"<p>[vc_row content_width=&#8221;full&#8221; equal_height=&#8221;&#8221; font_color=&#8221;dark&#8221; background_type=&#8221;image&#8221; background_img=&#8221;127488&#8243; background_img_lazyload=&#8221;1&#8243; shift_y=&#8221;0&#8243; z_index=&#8221;0&#8243; min_height=&#8221;825&#8243;][vc_column][vc_column_text]<\/p>\n<h1 style=\"text-align: center;\"><span class=\"lisboatitulo\">PLAY YOUR MUSIC ON THE JUKEBOX<\/span><\/h1>\n<p style=\"text-align: center;\"><span class=\"lisboameta\">ROUTE: MUSIC | SANDRA NOBRE <i>STORYTELLER<\/i> | JOANA RAY <i>ILLUSTRATOR<\/i><\/span><\/p>\n<p>[\/vc_column_text][\/vc_column][\/vc_row][vc_row][vc_column width=&#8221;2\/3&#8243; shift_x=&#8221;0&#8243; shift_y=&#8221;0&#8243; z_index=&#8221;0&#8243; inline_style=&#8221;text-align: justify;&#8221; css=&#8221;.vc_custom_1560873602216{padding-right: 50px !important;}&#8221;][vc_column_text]There are nights when a women has to go out to drink and dance. Men go out any day, but women do not, they need a reason, a date, a depression. I always saw myself as a kind of jukebox: I do not even need a coin, just a chord for my body to let go. All styles \u2013 or almost \u2013 have this effect. For any reason. It is hard to assume, but I cannot sing. I tried. Karaoke nights were a disaster. I tried the Iceberg Bar, in Cascais, because nobody knew me there. And no one wanted to know me after the experience, more terrifying than the worst horror movie, of listening to me sing Close to Me, from The Cure: \u201cPull my eyes out\/ Hold my breath\/ And wait until I shake\u2026\u201d. But I will be, once again, in the front row, glued to the main stage at NOS Alive, shouting for Robert: \u201cI never thought tonight could ever be\/ This close to me\u2026\u201d[\/vc_column_text][vc_row_inner][vc_column_inner content_placement=&#8221;default&#8221; width=&#8221;1\/2&#8243;][vc_column_text]The jam sessions at Anjos 70 allow everyone to bring their influences and more or less talent to the stage. But who in their right mind would give me the microphone without ever hearing me before? \u201cWho gives a fuck about an Oxford comma? I\u2019ve seen those English dramas too\/ They are cruel\/ So if there\u2019s any other way\/ To spell the word, it\u2019s fine with me\/ With me&#8221; \u201d\u2026 I reflected the name of the Vampire Weekend on that Saturday when, after countless beers, I tried to make a cover of Oxford Comma, but it seemed more like Adolfo L\u00faxuria Canibal declaiming in fury.[\/vc_column_text][\/vc_column_inner][vc_column_inner content_placement=&#8221;default&#8221; width=&#8221;1\/2&#8243;][vc_single_image image=&#8221;127492&#8243; img_size=&#8221;full&#8221; full_width=&#8221;1&#8243; opacity=&#8221;100&#8243;][\/vc_column_inner][\/vc_row_inner][vc_row_inner][vc_column_inner width=&#8221;1\/2&#8243;][vc_single_image image=&#8221;127496&#8243; img_size=&#8221;full&#8221; full_width=&#8221;1&#8243; opacity=&#8221;100&#8243;][\/vc_column_inner][vc_column_inner width=&#8221;1\/2&#8243;][vc_column_text]After a few attempts, I stopped singing. I prefer to listen to others. At Popular in Alvalade, a place for songwriters and glories of rock. At Titanic Sur Mer, where I have fun with Irm\u00e3os Catita and the madness of Manuel Jo\u00e3o Vieira, an emblematic figure of Portuguese rock and eternal candidate to run for President. At Ferrovi\u00e1rio, where jazz is sung by improvisation, at ZDB, more alternative, or at Musicbox, for all tastes. At Mesa de Frades, where dinner meets pure and typical fado, which reads our passions, lost loves, tears and joys, with voices of angels, served among the tiles of an eighteenth-century chapel, in an alley of Alfama, as a remedy for the soul, with a jug of wine. Some nights are like that.[\/vc_column_text][\/vc_column_inner][\/vc_row_inner][vc_column_text]But other nights, song sung by others and music played live are not enough for me, I need a dancefloor and decibels taking control of my body. I enter the electronic vibe of Chemical Brothers: \u201cHey girls\/ Hey boys\/ Superstar DJ\u2019s\/ Here we go\u2026\u201d, my body into a trance, in one of the dancefloors of Lux Fr\u00e1gil. Rive Rouge can be a good alternative, especially on nights when actor Nuno Lopes is DJing and I mix gin and rum in the same glass, the house cocktail. Parties at Villa Tamariz are a showcase of suntanned bodies and celebrities, but they are outdoors, which is perfect on summer. Radio-Hotel is on the same wavelength, but without the sea breeze and your appearance counts, at least early in the night. Speaking of bodies, there is nothing like the warm nights of B.Leza, with morna, funan\u00e1 and coladeira setting the rhythm, very tight yes, the lady dances. I lose my mind with 80s and 90s music played at the iconic Inc\u00f3gnito and Plateau until dawn.[\/vc_column_text][\/vc_column][vc_column width=&#8221;1\/3&#8243;][vc_column_text]<\/p>\n<h1 style=\"text-align: left;\">NIGHT STOPS<\/h1>\n<p><a href=\"https:\/\/anjos70.org\" target=\"_blank\" rel=\"noopener noreferrer\">Anjos 70 \u2013 jam sessions<\/a><br \/>\n<a href=\"http:\/\/www.facebook.com\/pg\/Ferroviariobarterraco\/events\/?ref=page_internal\" target=\"_blank\" rel=\"noopener noreferrer\">Ferrovi\u00e1rio \u2013 terrace, jam sessions, live music<\/a><br \/>\n<a href=\"http:\/\/www.facebook.com\/galeriazedosbois\/\" target=\"_blank\" rel=\"noopener noreferrer\">Galeria Z\u00e9 dos Bois \u2013 art centre, concerts, nightclub<\/a><br \/>\n<a href=\"http:\/\/www.facebook.com\/titanicsurmer\/\" target=\"_blank\" rel=\"noopener noreferrer\">Titanic Sur Mer \u2013 nightclub, live music<\/a><br \/>\n<a href=\"http:\/\/www.luxfragil.com\" target=\"_blank\" rel=\"noopener noreferrer\">Lux Fr\u00e1gil \u2013 nightclub, dance<\/a><br \/>\n<a href=\"http:\/\/www.facebook.com\/pg\/riveROUGE\/about\/?ref=page_internal\" target=\"_blank\" rel=\"noopener noreferrer\">Rive Rouge \u2013 nightclub, dance<\/a><br \/>\n<a href=\"http:\/\/www.facebook.com\/RadioHotelLx\/\" target=\"_blank\" rel=\"noopener noreferrer\">Radio-hotel \u2013 nightclub, dance<\/a><br \/>\n<a href=\"https:\/\/musicboxlisboa.com\/mb\/\" target=\"_blank\" rel=\"noopener noreferrer\">Musicbox Lisboa \u2013 nightclub, concerts<\/a><br \/>\n<a href=\"http:\/\/www.facebook.com\/pg\/incognitobar\/\" target=\"_blank\" rel=\"noopener noreferrer\">Inc\u00f3gnito \u2013 nightclub<\/a><br \/>\n<a href=\"http:\/\/www.plateau.com.pt\" target=\"_blank\" rel=\"noopener noreferrer\">Plateau \u2013 nightclub<\/a><br \/>\n<a href=\"http:\/\/www.facebook.com\/pg\/BlezaClube\/\" target=\"_blank\" rel=\"noopener noreferrer\">B.Leza Clube \u2013 african music<\/a><br \/>\n<a href=\"http:\/\/www.facebook.com\/PopularAlvalade\/\" target=\"_blank\" rel=\"noopener noreferrer\">Popular de Alvalade \u2013 singer-songwriters, live music<\/a><br \/>\n<a href=\"http:\/\/www.facebook.com\/mesadefradeslisboa\/\" target=\"_blank\" rel=\"noopener noreferrer\">Mesa de Frades \u2013 restaurant, fado<\/a><br \/>\n<a href=\"http:\/\/www.smup.pt\" target=\"_blank\" rel=\"noopener noreferrer\">SMUP \u2013 Sociedade Musical Uni\u00e3o Paredense (Parede) \u2013 multidisciplinary, cultural events, festivals, parties<\/a><br \/>\n<a href=\"http:\/\/www.penhalonga.com\/pt\/gastronomia\/villa-tamariz-beach-club\/\" target=\"_blank\" rel=\"noopener noreferrer\">Villa Tamariz (Estoril) &#8211; nightclub, outdoors dancing<\/a><br \/>\n&#8211; <a href=\"https:\/\/icebergbar.pt\" target=\"_blank\" rel=\"noopener noreferrer\">Iceberg Bar (Cascais) &#8211; karaoke<\/a>[\/vc_column_text][\/vc_column][\/vc_row]<\/p>\n","protected":false},"excerpt":{"rendered":"<p>[vc_row content_width=&#8221;full&#8221; equal_height=&#8221;&#8221; font_color=&#8221;dark&#8221; background_type=&#8221;image&#8221; background_img=&#8221;127488&#8243; background_img_lazyload=&#8221;1&#8243; shift_y=&#8221;0&#8243; z_index=&#8221;0&#8243; min_height=&#8221;825&#8243;][vc_column][vc_column_text] PLAY YOUR MUSIC ON THE JUKEBOX ROUTE: MUSIC | SANDRA NOBRE STORYTELLER | JOANA RAY ILLUSTRATOR [\/vc_column_text][\/vc_column][\/vc_row][vc_row][vc_column width=&#8221;2\/3&#8243; shift_x=&#8221;0&#8243; shift_y=&#8221;0&#8243; z_index=&#8221;0&#8243; inline_style=&#8221;text-align: justify;&#8221; css=&#8221;.vc_custom_1560873602216{padding-right: 50px !important;}&#8221;][vc_column_text]There are nights when a women has to go out to drink and dance. Men go out any day, but&#8230;<\/p>\n<p><a rel=\"bookmark\" class=\"hyperbent-button-simple wvc-button wvc-button-size-xs\" href=\"https:\/\/nosalive.com\/en\/paly-your-music-on-the-jukebox\/\"><span>Continue reading<\/span><\/a><\/p>\n","protected":false},"author":1,"featured_media":0,"parent":0,"menu_order":0,"comment_status":"closed","ping_status":"closed","template":"","meta":[],"acf":[],"yoast_head":"<!-- This site is optimized with the Yoast SEO plugin v18.5.1 - https:\/\/yoast.com\/wordpress\/plugins\/seo\/ -->\n<title>PLAY YOUR MUSIC ON THE JUKEBOX | NOS Alive Festival<\/title>\n<meta name=\"robots\" content=\"index, follow, max-snippet:-1, max-image-preview:large, max-video-preview:-1\" \/>\n<link rel=\"canonical\" href=\"https:\/\/nosalive.com\/en\/paly-your-music-on-the-jukebox\/\" \/>\n<meta property=\"og:locale\" content=\"en_US\" \/>\n<meta property=\"og:type\" content=\"article\" \/>\n<meta property=\"og:title\" content=\"PLAY YOUR MUSIC ON THE JUKEBOX | NOS Alive Festival\" \/>\n<meta property=\"og:description\" content=\"[vc_row content_width=&#8221;full&#8221; equal_height=&#8221;&#8221; font_color=&#8221;dark&#8221; background_type=&#8221;image&#8221; background_img=&#8221;127488&#8243; background_img_lazyload=&#8221;1&#8243; shift_y=&#8221;0&#8243; z_index=&#8221;0&#8243; min_height=&#8221;825&#8243;][vc_column][vc_column_text] PLAY YOUR MUSIC ON THE JUKEBOX ROUTE: MUSIC | SANDRA NOBRE STORYTELLER | JOANA RAY ILLUSTRATOR [\/vc_column_text][\/vc_column][\/vc_row][vc_row][vc_column width=&#8221;2\/3&#8243; shift_x=&#8221;0&#8243; shift_y=&#8221;0&#8243; z_index=&#8221;0&#8243; inline_style=&#8221;text-align: justify;&#8221; css=&#8221;.vc_custom_1560873602216{padding-right: 50px !important;}&#8221;][vc_column_text]There are nights when a women has to go out to drink and dance. Men go out any day, but...Continue reading\" \/>\n<meta property=\"og:url\" content=\"https:\/\/nosalive.com\/en\/paly-your-music-on-the-jukebox\/\" \/>\n<meta property=\"og:site_name\" content=\"NOS Alive Festival\" \/>\n<meta property=\"article:publisher\" content=\"https:\/\/www.facebook.com\/NOSalivePortugal\" \/>\n<meta property=\"article:modified_time\" content=\"2024-11-11T20:18:50+00:00\" \/>\n<meta name=\"twitter:card\" content=\"summary_large_image\" \/>\n<meta name=\"twitter:site\" content=\"@nos_alive\" \/>\n<script type=\"application\/ld+json\" class=\"yoast-schema-graph\">{\"@context\":\"https:\/\/schema.org\",\"@graph\":[{\"@type\":\"Organization\",\"@id\":\"https:\/\/nosalive.com\/#organization\",\"name\":\"NOS Alive\",\"url\":\"https:\/\/nosalive.com\/\",\"sameAs\":[\"https:\/\/www.facebook.com\/NOSalivePortugal\",\"https:\/\/www.instagram.com\/nos_alive\/\",\"https:\/\/www.youtube.com\/user\/optimusaliveofficial\",\"https:\/\/twitter.com\/nos_alive\"],\"logo\":{\"@type\":\"ImageObject\",\"@id\":\"https:\/\/nosalive.com\/#logo\",\"inLanguage\":\"en-US\",\"url\":\"https:\/\/nosalive.com\/wp-content\/uploads\/2025\/07\/NA26_Logo_Branco.png\",\"contentUrl\":\"https:\/\/nosalive.com\/wp-content\/uploads\/2025\/07\/NA26_Logo_Branco.png\",\"width\":688,\"height\":681,\"caption\":\"NOS Alive\"},\"image\":{\"@id\":\"https:\/\/nosalive.com\/#logo\"}},{\"@type\":\"WebSite\",\"@id\":\"https:\/\/nosalive.com\/#website\",\"url\":\"https:\/\/nosalive.com\/\",\"name\":\"NOS Alive Festival\",\"description\":\"O melhor cartaz, sempre!\",\"publisher\":{\"@id\":\"https:\/\/nosalive.com\/#organization\"},\"potentialAction\":[{\"@type\":\"SearchAction\",\"target\":{\"@type\":\"EntryPoint\",\"urlTemplate\":\"https:\/\/nosalive.com\/?s={search_term_string}\"},\"query-input\":\"required name=search_term_string\"}],\"inLanguage\":\"en-US\"},{\"@type\":\"WebPage\",\"@id\":\"https:\/\/nosalive.com\/en\/paly-your-music-on-the-jukebox\/#webpage\",\"url\":\"https:\/\/nosalive.com\/en\/paly-your-music-on-the-jukebox\/\",\"name\":\"PLAY YOUR MUSIC ON THE JUKEBOX | NOS Alive Festival\",\"isPartOf\":{\"@id\":\"https:\/\/nosalive.com\/#website\"},\"datePublished\":\"2019-07-25T16:24:50+00:00\",\"dateModified\":\"2024-11-11T20:18:50+00:00\",\"breadcrumb\":{\"@id\":\"https:\/\/nosalive.com\/en\/paly-your-music-on-the-jukebox\/#breadcrumb\"},\"inLanguage\":\"en-US\",\"potentialAction\":[{\"@type\":\"ReadAction\",\"target\":[\"https:\/\/nosalive.com\/en\/paly-your-music-on-the-jukebox\/\"]}]},{\"@type\":\"BreadcrumbList\",\"@id\":\"https:\/\/nosalive.com\/en\/paly-your-music-on-the-jukebox\/#breadcrumb\",\"itemListElement\":[{\"@type\":\"ListItem\",\"position\":1,\"name\":\"In\u00edcio\",\"item\":\"https:\/\/nosalive.com\/en\/\"},{\"@type\":\"ListItem\",\"position\":2,\"name\":\"PLAY YOUR MUSIC ON THE JUKEBOX\"}]}]}<\/script>\n<!-- \/ Yoast SEO plugin. -->","yoast_head_json":{"title":"PLAY YOUR MUSIC ON THE JUKEBOX | NOS Alive Festival","robots":{"index":"index","follow":"follow","max-snippet":"max-snippet:-1","max-image-preview":"max-image-preview:large","max-video-preview":"max-video-preview:-1"},"canonical":"https:\/\/nosalive.com\/en\/paly-your-music-on-the-jukebox\/","og_locale":"en_US","og_type":"article","og_title":"PLAY YOUR MUSIC ON THE JUKEBOX | NOS Alive Festival","og_description":"[vc_row content_width=&#8221;full&#8221; equal_height=&#8221;&#8221; font_color=&#8221;dark&#8221; background_type=&#8221;image&#8221; background_img=&#8221;127488&#8243; background_img_lazyload=&#8221;1&#8243; shift_y=&#8221;0&#8243; z_index=&#8221;0&#8243; min_height=&#8221;825&#8243;][vc_column][vc_column_text] PLAY YOUR MUSIC ON THE JUKEBOX ROUTE: MUSIC | SANDRA NOBRE STORYTELLER | JOANA RAY ILLUSTRATOR [\/vc_column_text][\/vc_column][\/vc_row][vc_row][vc_column width=&#8221;2\/3&#8243; shift_x=&#8221;0&#8243; shift_y=&#8221;0&#8243; z_index=&#8221;0&#8243; inline_style=&#8221;text-align: justify;&#8221; css=&#8221;.vc_custom_1560873602216{padding-right: 50px !important;}&#8221;][vc_column_text]There are nights when a women has to go out to drink and dance. Men go out any day, but...Continue reading","og_url":"https:\/\/nosalive.com\/en\/paly-your-music-on-the-jukebox\/","og_site_name":"NOS Alive Festival","article_publisher":"https:\/\/www.facebook.com\/NOSalivePortugal","article_modified_time":"2024-11-11T20:18:50+00:00","twitter_card":"summary_large_image","twitter_site":"@nos_alive","schema":{"@context":"https:\/\/schema.org","@graph":[{"@type":"Organization","@id":"https:\/\/nosalive.com\/#organization","name":"NOS Alive","url":"https:\/\/nosalive.com\/","sameAs":["https:\/\/www.facebook.com\/NOSalivePortugal","https:\/\/www.instagram.com\/nos_alive\/","https:\/\/www.youtube.com\/user\/optimusaliveofficial","https:\/\/twitter.com\/nos_alive"],"logo":{"@type":"ImageObject","@id":"https:\/\/nosalive.com\/#logo","inLanguage":"en-US","url":"https:\/\/nosalive.com\/wp-content\/uploads\/2025\/07\/NA26_Logo_Branco.png","contentUrl":"https:\/\/nosalive.com\/wp-content\/uploads\/2025\/07\/NA26_Logo_Branco.png","width":688,"height":681,"caption":"NOS Alive"},"image":{"@id":"https:\/\/nosalive.com\/#logo"}},{"@type":"WebSite","@id":"https:\/\/nosalive.com\/#website","url":"https:\/\/nosalive.com\/","name":"NOS Alive Festival","description":"O melhor cartaz, sempre!","publisher":{"@id":"https:\/\/nosalive.com\/#organization"},"potentialAction":[{"@type":"SearchAction","target":{"@type":"EntryPoint","urlTemplate":"https:\/\/nosalive.com\/?s={search_term_string}"},"query-input":"required name=search_term_string"}],"inLanguage":"en-US"},{"@type":"WebPage","@id":"https:\/\/nosalive.com\/en\/paly-your-music-on-the-jukebox\/#webpage","url":"https:\/\/nosalive.com\/en\/paly-your-music-on-the-jukebox\/","name":"PLAY YOUR MUSIC ON THE JUKEBOX | NOS Alive Festival","isPartOf":{"@id":"https:\/\/nosalive.com\/#website"},"datePublished":"2019-07-25T16:24:50+00:00","dateModified":"2024-11-11T20:18:50+00:00","breadcrumb":{"@id":"https:\/\/nosalive.com\/en\/paly-your-music-on-the-jukebox\/#breadcrumb"},"inLanguage":"en-US","potentialAction":[{"@type":"ReadAction","target":["https:\/\/nosalive.com\/en\/paly-your-music-on-the-jukebox\/"]}]},{"@type":"BreadcrumbList","@id":"https:\/\/nosalive.com\/en\/paly-your-music-on-the-jukebox\/#breadcrumb","itemListElement":[{"@type":"ListItem","position":1,"name":"In\u00edcio","item":"https:\/\/nosalive.com\/en\/"},{"@type":"ListItem","position":2,"name":"PLAY YOUR MUSIC ON THE JUKEBOX"}]}]}},"_links":{"self":[{"href":"https:\/\/nosalive.com\/en\/wp-json\/wp\/v2\/pages\/129033"}],"collection":[{"href":"https:\/\/nosalive.com\/en\/wp-json\/wp\/v2\/pages"}],"about":[{"href":"https:\/\/nosalive.com\/en\/wp-json\/wp\/v2\/types\/page"}],"author":[{"embeddable":true,"href":"https:\/\/nosalive.com\/en\/wp-json\/wp\/v2\/users\/1"}],"replies":[{"embeddable":true,"href":"https:\/\/nosalive.com\/en\/wp-json\/wp\/v2\/comments?post=129033"}],"version-history":[{"count":1,"href":"https:\/\/nosalive.com\/en\/wp-json\/wp\/v2\/pages\/129033\/revisions"}],"predecessor-version":[{"id":138966,"href":"https:\/\/nosalive.com\/en\/wp-json\/wp\/v2\/pages\/129033\/revisions\/138966"}],"wp:attachment":[{"href":"https:\/\/nosalive.com\/en\/wp-json\/wp\/v2\/media?parent=129033"}],"curies":[{"name":"wp","href":"https:\/\/api.w.org\/{rel}","templated":true}]}}