{"id":129047,"date":"2019-07-25T16:53:26","date_gmt":"2019-07-25T16:53:26","guid":{"rendered":"https:\/\/nosalive.com\/the-perfect-swell\/"},"modified":"2024-11-11T20:18:59","modified_gmt":"2024-11-11T20:18:59","slug":"the-perfect-swell","status":"publish","type":"page","link":"https:\/\/nosalive.com\/en\/the-perfect-swell\/","title":{"rendered":"THE PERFECT SWELL"},"content":{"rendered":"<p>[vc_row content_width=&#8221;full&#8221; equal_height=&#8221;&#8221; font_color=&#8221;dark&#8221; background_type=&#8221;image&#8221; background_img=&#8221;127526&#8243; background_img_lazyload=&#8221;1&#8243; shift_y=&#8221;0&#8243; z_index=&#8221;0&#8243; min_height=&#8221;825&#8243;][vc_column][vc_column_text]<\/p>\n<h1 style=\"text-align: center;\"><span class=\"lisboatitulo\">THE PERFECT SWELL<\/span><\/h1>\n<p style=\"text-align: center;\"><span class=\"lisboameta\">ROUTE: BEACHES | SANDRA NOBRE <i>STORYTELLER <\/i> | JOANA RAY <i>ILLUSTRATOR<\/i><\/span><\/p>\n<p>[\/vc_column_text][\/vc_column][\/vc_row][vc_row][vc_column width=&#8221;2\/3&#8243; shift_x=&#8221;0&#8243; shift_y=&#8221;0&#8243; z_index=&#8221;0&#8243; inline_style=&#8221;text-align: justify;&#8221; css=&#8221;.vc_custom_1560873602216{padding-right: 50px !important;}&#8221;][vc_column_text]A giant wave in Nazar\u00e9 has invaded a skyscraper in Times Square last summer. The fame of Portuguese waves put on the map by Garrett McNamara in 2011 has reached that far. Any surfer knows it. I had known it for a long time, it was a frequent conversation among friends who surf to impress the girls and those waves were not for them, nor for me, I am more into sunbathing. But after the world has watched the American\u2019s high skills, others came to break the record held by the Brazilian Rodrigo Koxa since 2018, with impressing 24.38 metres high, equivalent to a nine-story building. Can you imagine a wall of water like that coming towards us? I often watch them from a distance, of course. They are breath-taking!<\/p>\n<p>Next to the Tagus river and beyond, Lisbon is surrounded by beaches. On the south bank, Costa da Caparica is the first stop. By taking the ferry to Trafaria, we reach at the very typical Cova do Vapor, at the mouth of the Tagus, with a panoramic view to the capital and to the Bugio lighthouse, in S\u00e3o Louren\u00e7o Fort, erected on a sandbank in 1693 and rebuilt in 1775, after being destroyed by the 1755 earthquake.[\/vc_column_text][vc_row_inner][vc_column_inner content_placement=&#8221;default&#8221;][vc_single_image image=&#8221;127522&#8243; img_size=&#8221;full&#8221; full_width=&#8221;1&#8243; opacity=&#8221;100&#8243;][\/vc_column_inner][\/vc_row_inner][vc_column_text]By car, at the pace of traffic jams, a hit of the late 80s by the Portuguese rock band Peste &amp; Sida must be added to the trip\u2019s soundtrack: Sol da Caparica. . \u201cIn a convertible through the bridge with my hair blowing high \/ In the burning heat, rushing to arrive \/ Ray-Ban dark glasses and the singer rocking \/ The Ramones\u2019 tape for us to enjoy.\/ Here I go to Costa\/ Here I go eager to make it \/ From Lisbon I will go to the sun of Caparica.\u201d From here, the long strip of sand is divided as a puzzle, each beach with its own name and different attractions, like restaurants and terraces or water activities: S. Jo\u00e3o, Rainha, Morena, Sereia, Riviera, Nova Vaga or Fonte da Telha are the most popular. Going south, from Set\u00fabal to Cabo Espichel we can discover small paradises of more difficult access: Figueirinha, Galapos, Portinho da Arr\u00e1bida. And, in an urban environment, Sesimbra. Crossing the pine forest, 30 km from Lisbon we find Meco, the beach that became famous since the 1970s among naturists and the favourite for artists. In Set\u00fabal, you can choose to take the ferry, cross the river Sado and go to the famous beaches of Tr\u00f3ia, Comporta, Carvalhal or Pego. A favourite refuge for VIP and wannabes, this was where the world saw in the social media Madonna riding a horse and where helicopters going up and down rival the clouds of mosquitoes from the nearby rice fields.[\/vc_column_text][vc_row_inner][vc_column_inner width=&#8221;1\/2&#8243;][vc_single_image image=&#8221;127530&#8243; img_size=&#8221;full&#8221; full_width=&#8221;1&#8243; opacity=&#8221;100&#8243;][\/vc_column_inner][vc_column_inner width=&#8221;1\/2&#8243;][vc_column_text]In the opposite direction, from the capital you can follow the Cascais Line, with the advantage of taking the train with the surfboard and the bicycle. In Carcavelos, music echoes as in a rave, you can play volleyball, there are skateboard ramps and surf academies, so you are not expected to have a minute of boredom. All other stops have a few feet of fine sand to lie your towel, at least at low tide. After Cascais, move on to Cresmina, more family-friendly, or to Guincho, more radical, where the wind defies swimmers. Next to it, Abano beach is more famous for its terrace and cocktails. A few kilometres ahead, the beaches near Sintra \u2014 Magoito, Azenhas do Mar, Ma\u00e7\u00e3s, Praia Grande, Adraga, Ursa, next to Cabo da Roca, the westernmost point of Europe.[\/vc_column_text][\/vc_column_inner][\/vc_row_inner][vc_column_text]As we move away from Lisbon, the Atlantic Ocean rules and waves have other strength. The World Surf Reserve, created in 2011, it the preferred spot for surfing and bodyboarding; from Ribeira d\u2019Ilhas to Praia do Norte, there are 11 kilometres and 12 beaches with waves of different technical levels. Moving north in the map, the National Ecological Reserve, where Peniche is located, is the scene for the best in the world, who compete here in a stop of the World Surf League, in October. Supertubos gets to the podium. Nazar\u00e9 is straight after, the Mecca of giant waves, the water cannon, the skyscraper of Times Square. It is not for boys and girls, it is for men and women who are bigger than their dream and still fit well in a lycra or neoprene suit\u2026 let\u2019s face it, not everyone has the body of a superhero.[\/vc_column_text][\/vc_column][vc_column width=&#8221;1\/3&#8243;][vc_column_text]<\/p>\n<h1 style=\"text-align: left;\">THE SURF MECCA<\/h1>\n<p><strong><span style=\"font-size: 25px; text-transform: capitalize;\"><span style=\"color: #f9dc0b;\">COSTA DA CAPARICA<\/span><\/span><\/strong><br \/>\nFonte da Telha<br \/>\nRiviera<\/p>\n<p><strong><span style=\"font-size: 25px; text-transform: capitalize;\"><span style=\"color: #f9dc0b;\">Cascais Line<\/span><\/span><\/strong><br \/>\nCarcavelos<br \/>\nGuincho<\/p>\n<p><strong><span style=\"font-size: 25px; text-transform: capitalize;\"><span style=\"color: #f9dc0b;\">Sintra<\/span><\/span><\/strong><br \/>\nPraia Grande<\/p>\n<p><strong><span style=\"font-size: 25px; text-transform: capitalize;\"><span style=\"color: #f9dc0b;\">Ericeira<\/span><\/span><\/strong><br \/>\nWorld Surf Reserve<br \/>\nPraia do Norte<\/p>\n<p><strong><span style=\"font-size: 25px; text-transform: capitalize;\"><span style=\"color: #f9dc0b;\">Peniche.<\/span><\/span><\/strong><br \/>\nSupertubos<\/p>\n<p><strong><span style=\"font-size: 25px; text-transform: capitalize;\"><span style=\"color: #f9dc0b;\">Leiria<\/span><\/span><\/strong><br \/>\nCanh\u00e3o da Nazar\u00e9<\/p>\n<h1 style=\"text-align: left;\">SUNBATHING AND FLASHES<\/h1>\n<p><strong><span style=\"font-size: 25px; text-transform: capitalize;\"><span style=\"color: #f9dc0b;\">Costa da Caparica<\/span><\/span><\/strong><br \/>\nS\u00e3o Jo\u00e3o<br \/>\nRainha<br \/>\nSereia<\/p>\n<p><strong><span style=\"font-size: 25px; text-transform: capitalize;\"><span style=\"color: #f9dc0b;\">Set\u00fabal<\/span><\/span><\/strong><br \/>\nGalapos<br \/>\nSesimbra<br \/>\nMeco<\/p>\n<p><strong><span style=\"font-size: 25px; text-transform: capitalize;\"><span style=\"color: #f9dc0b;\">Alc\u00e1cer do Sal<\/span><\/span><\/strong><br \/>\nComporta<br \/>\nCarvalhal<\/p>\n<p><strong><span style=\"font-size: 25px; text-transform: capitalize;\"><span style=\"color: #f9dc0b;\">Gr\u00e2ndola<\/span><\/span><\/strong><br \/>\nTr\u00f3ia<\/p>\n<p><strong><span style=\"font-size: 25px; text-transform: capitalize;\"><span style=\"color: #f9dc0b;\">Cascais Line<\/span><\/span><\/strong><br \/>\nCresmina<br \/>\nAbano<\/p>\n<p><strong><span style=\"font-size: 25px; text-transform: capitalize;\"><span style=\"color: #f9dc0b;\">Sintra<\/span><\/span><\/strong><br \/>\nMagoito<br \/>\nMa\u00e7\u00e3s<br \/>\nAdraga<\/p>\n<p><strong><span style=\"font-size: 25px; text-transform: capitalize;\"><span style=\"color: #f9dc0b;\">Ericeira<\/span><\/span><\/strong><br \/>\nFoz do Lizandro<\/p>\n<h1 style=\"text-align: left;\">SURF ACADEMIES<\/h1>\n<p><strong><span style=\"font-size: 25px; text-transform: capitalize;\"><span style=\"color: #f9dc0b;\">Costa da Caparica<\/span><\/span><\/strong><br \/>\n<a href=\"https:\/\/geckosurfschool.com\" target=\"_blank\" rel=\"noopener noreferrer\">Gecko Surf School<\/a><\/p>\n<p><strong><span style=\"font-size: 25px; text-transform: capitalize;\"><span style=\"color: #f9dc0b;\">Carcavelos<\/span><\/span><\/strong><br \/>\n<a href=\"http:\/\/www.angelsurfschool.com\" target=\"_blank\" rel=\"noopener noreferrer\">Angels Surf School<\/a><\/p>\n<p><strong><span style=\"font-size: 25px; text-transform: capitalize;\"><span style=\"color: #f9dc0b;\">Ericeira<\/span><\/span><\/strong><br \/>\n<a href=\"https:\/\/tiagopiressurfschool.com\" target=\"_blank\" rel=\"noopener noreferrer\">Tiago Pires (Saca) Surf School<\/a><\/p>\n<p><strong><span style=\"font-size: 25px; text-transform: capitalize;\"><span style=\"color: #f9dc0b;\">Peniche.<\/span><\/span><\/strong><br \/>\n<a href=\"http:\/\/www.penichesurfcamp.com\/pt\/\" target=\"_blank\" rel=\"noopener noreferrer\">Peniche Surf Camp<\/a><\/p>\n<p><strong><span style=\"font-size: 25px; text-transform: capitalize;\"><span style=\"color: #f9dc0b;\">Leiria<\/span><\/span><\/strong><br \/>\n<a href=\"https:\/\/another-surf-camp.com\/da\/node\/12\" target=\"_blank\" rel=\"noopener noreferrer\">Surf Academia do Baleal<\/a>[\/vc_column_text][\/vc_column][\/vc_row]<\/p>\n","protected":false},"excerpt":{"rendered":"<p>[vc_row content_width=&#8221;full&#8221; equal_height=&#8221;&#8221; font_color=&#8221;dark&#8221; background_type=&#8221;image&#8221; background_img=&#8221;127526&#8243; background_img_lazyload=&#8221;1&#8243; shift_y=&#8221;0&#8243; z_index=&#8221;0&#8243; min_height=&#8221;825&#8243;][vc_column][vc_column_text] THE PERFECT SWELL ROUTE: BEACHES | SANDRA NOBRE STORYTELLER | JOANA RAY ILLUSTRATOR [\/vc_column_text][\/vc_column][\/vc_row][vc_row][vc_column width=&#8221;2\/3&#8243; shift_x=&#8221;0&#8243; shift_y=&#8221;0&#8243; z_index=&#8221;0&#8243; inline_style=&#8221;text-align: justify;&#8221; css=&#8221;.vc_custom_1560873602216{padding-right: 50px !important;}&#8221;][vc_column_text]A giant wave in Nazar\u00e9 has invaded a skyscraper in Times Square last summer. The fame of Portuguese waves put on the map&#8230;<\/p>\n<p><a rel=\"bookmark\" class=\"hyperbent-button-simple wvc-button wvc-button-size-xs\" href=\"https:\/\/nosalive.com\/en\/the-perfect-swell\/\"><span>Continue reading<\/span><\/a><\/p>\n","protected":false},"author":1,"featured_media":0,"parent":0,"menu_order":0,"comment_status":"closed","ping_status":"closed","template":"","meta":[],"acf":[],"yoast_head":"<!-- This site is optimized with the Yoast SEO plugin v18.5.1 - https:\/\/yoast.com\/wordpress\/plugins\/seo\/ -->\n<title>THE PERFECT SWELL | NOS Alive Festival<\/title>\n<meta name=\"robots\" content=\"index, follow, max-snippet:-1, max-image-preview:large, max-video-preview:-1\" \/>\n<link rel=\"canonical\" href=\"https:\/\/nosalive.com\/en\/the-perfect-swell\/\" \/>\n<meta property=\"og:locale\" content=\"en_US\" \/>\n<meta property=\"og:type\" content=\"article\" \/>\n<meta property=\"og:title\" content=\"THE PERFECT SWELL | NOS Alive Festival\" \/>\n<meta property=\"og:description\" content=\"[vc_row content_width=&#8221;full&#8221; equal_height=&#8221;&#8221; font_color=&#8221;dark&#8221; background_type=&#8221;image&#8221; background_img=&#8221;127526&#8243; background_img_lazyload=&#8221;1&#8243; shift_y=&#8221;0&#8243; z_index=&#8221;0&#8243; min_height=&#8221;825&#8243;][vc_column][vc_column_text] THE PERFECT SWELL ROUTE: BEACHES | SANDRA NOBRE STORYTELLER | JOANA RAY ILLUSTRATOR [\/vc_column_text][\/vc_column][\/vc_row][vc_row][vc_column width=&#8221;2\/3&#8243; shift_x=&#8221;0&#8243; shift_y=&#8221;0&#8243; z_index=&#8221;0&#8243; inline_style=&#8221;text-align: justify;&#8221; css=&#8221;.vc_custom_1560873602216{padding-right: 50px !important;}&#8221;][vc_column_text]A giant wave in Nazar\u00e9 has invaded a skyscraper in Times Square last summer. The fame of Portuguese waves put on the map...Continue reading\" \/>\n<meta property=\"og:url\" content=\"https:\/\/nosalive.com\/en\/the-perfect-swell\/\" \/>\n<meta property=\"og:site_name\" content=\"NOS Alive Festival\" \/>\n<meta property=\"article:publisher\" content=\"https:\/\/www.facebook.com\/NOSalivePortugal\" \/>\n<meta property=\"article:modified_time\" content=\"2024-11-11T20:18:59+00:00\" \/>\n<meta name=\"twitter:card\" content=\"summary_large_image\" \/>\n<meta name=\"twitter:site\" content=\"@nos_alive\" \/>\n<script type=\"application\/ld+json\" class=\"yoast-schema-graph\">{\"@context\":\"https:\/\/schema.org\",\"@graph\":[{\"@type\":\"Organization\",\"@id\":\"https:\/\/nosalive.com\/#organization\",\"name\":\"NOS Alive\",\"url\":\"https:\/\/nosalive.com\/\",\"sameAs\":[\"https:\/\/www.facebook.com\/NOSalivePortugal\",\"https:\/\/www.instagram.com\/nos_alive\/\",\"https:\/\/www.youtube.com\/user\/optimusaliveofficial\",\"https:\/\/twitter.com\/nos_alive\"],\"logo\":{\"@type\":\"ImageObject\",\"@id\":\"https:\/\/nosalive.com\/#logo\",\"inLanguage\":\"en-US\",\"url\":\"https:\/\/nosalive.com\/wp-content\/uploads\/2025\/07\/NA26_Logo_Branco.png\",\"contentUrl\":\"https:\/\/nosalive.com\/wp-content\/uploads\/2025\/07\/NA26_Logo_Branco.png\",\"width\":688,\"height\":681,\"caption\":\"NOS Alive\"},\"image\":{\"@id\":\"https:\/\/nosalive.com\/#logo\"}},{\"@type\":\"WebSite\",\"@id\":\"https:\/\/nosalive.com\/#website\",\"url\":\"https:\/\/nosalive.com\/\",\"name\":\"NOS Alive Festival\",\"description\":\"O melhor cartaz, sempre!\",\"publisher\":{\"@id\":\"https:\/\/nosalive.com\/#organization\"},\"potentialAction\":[{\"@type\":\"SearchAction\",\"target\":{\"@type\":\"EntryPoint\",\"urlTemplate\":\"https:\/\/nosalive.com\/?s={search_term_string}\"},\"query-input\":\"required name=search_term_string\"}],\"inLanguage\":\"en-US\"},{\"@type\":\"WebPage\",\"@id\":\"https:\/\/nosalive.com\/en\/the-perfect-swell\/#webpage\",\"url\":\"https:\/\/nosalive.com\/en\/the-perfect-swell\/\",\"name\":\"THE PERFECT SWELL | NOS Alive Festival\",\"isPartOf\":{\"@id\":\"https:\/\/nosalive.com\/#website\"},\"datePublished\":\"2019-07-25T16:53:26+00:00\",\"dateModified\":\"2024-11-11T20:18:59+00:00\",\"breadcrumb\":{\"@id\":\"https:\/\/nosalive.com\/en\/the-perfect-swell\/#breadcrumb\"},\"inLanguage\":\"en-US\",\"potentialAction\":[{\"@type\":\"ReadAction\",\"target\":[\"https:\/\/nosalive.com\/en\/the-perfect-swell\/\"]}]},{\"@type\":\"BreadcrumbList\",\"@id\":\"https:\/\/nosalive.com\/en\/the-perfect-swell\/#breadcrumb\",\"itemListElement\":[{\"@type\":\"ListItem\",\"position\":1,\"name\":\"In\u00edcio\",\"item\":\"https:\/\/nosalive.com\/en\/\"},{\"@type\":\"ListItem\",\"position\":2,\"name\":\"THE PERFECT SWELL\"}]}]}<\/script>\n<!-- \/ Yoast SEO plugin. -->","yoast_head_json":{"title":"THE PERFECT SWELL | NOS Alive Festival","robots":{"index":"index","follow":"follow","max-snippet":"max-snippet:-1","max-image-preview":"max-image-preview:large","max-video-preview":"max-video-preview:-1"},"canonical":"https:\/\/nosalive.com\/en\/the-perfect-swell\/","og_locale":"en_US","og_type":"article","og_title":"THE PERFECT SWELL | NOS Alive Festival","og_description":"[vc_row content_width=&#8221;full&#8221; equal_height=&#8221;&#8221; font_color=&#8221;dark&#8221; background_type=&#8221;image&#8221; background_img=&#8221;127526&#8243; background_img_lazyload=&#8221;1&#8243; shift_y=&#8221;0&#8243; z_index=&#8221;0&#8243; min_height=&#8221;825&#8243;][vc_column][vc_column_text] THE PERFECT SWELL ROUTE: BEACHES | SANDRA NOBRE STORYTELLER | JOANA RAY ILLUSTRATOR [\/vc_column_text][\/vc_column][\/vc_row][vc_row][vc_column width=&#8221;2\/3&#8243; shift_x=&#8221;0&#8243; shift_y=&#8221;0&#8243; z_index=&#8221;0&#8243; inline_style=&#8221;text-align: justify;&#8221; css=&#8221;.vc_custom_1560873602216{padding-right: 50px !important;}&#8221;][vc_column_text]A giant wave in Nazar\u00e9 has invaded a skyscraper in Times Square last summer. The fame of Portuguese waves put on the map...Continue reading","og_url":"https:\/\/nosalive.com\/en\/the-perfect-swell\/","og_site_name":"NOS Alive Festival","article_publisher":"https:\/\/www.facebook.com\/NOSalivePortugal","article_modified_time":"2024-11-11T20:18:59+00:00","twitter_card":"summary_large_image","twitter_site":"@nos_alive","schema":{"@context":"https:\/\/schema.org","@graph":[{"@type":"Organization","@id":"https:\/\/nosalive.com\/#organization","name":"NOS Alive","url":"https:\/\/nosalive.com\/","sameAs":["https:\/\/www.facebook.com\/NOSalivePortugal","https:\/\/www.instagram.com\/nos_alive\/","https:\/\/www.youtube.com\/user\/optimusaliveofficial","https:\/\/twitter.com\/nos_alive"],"logo":{"@type":"ImageObject","@id":"https:\/\/nosalive.com\/#logo","inLanguage":"en-US","url":"https:\/\/nosalive.com\/wp-content\/uploads\/2025\/07\/NA26_Logo_Branco.png","contentUrl":"https:\/\/nosalive.com\/wp-content\/uploads\/2025\/07\/NA26_Logo_Branco.png","width":688,"height":681,"caption":"NOS Alive"},"image":{"@id":"https:\/\/nosalive.com\/#logo"}},{"@type":"WebSite","@id":"https:\/\/nosalive.com\/#website","url":"https:\/\/nosalive.com\/","name":"NOS Alive Festival","description":"O melhor cartaz, sempre!","publisher":{"@id":"https:\/\/nosalive.com\/#organization"},"potentialAction":[{"@type":"SearchAction","target":{"@type":"EntryPoint","urlTemplate":"https:\/\/nosalive.com\/?s={search_term_string}"},"query-input":"required name=search_term_string"}],"inLanguage":"en-US"},{"@type":"WebPage","@id":"https:\/\/nosalive.com\/en\/the-perfect-swell\/#webpage","url":"https:\/\/nosalive.com\/en\/the-perfect-swell\/","name":"THE PERFECT SWELL | NOS Alive Festival","isPartOf":{"@id":"https:\/\/nosalive.com\/#website"},"datePublished":"2019-07-25T16:53:26+00:00","dateModified":"2024-11-11T20:18:59+00:00","breadcrumb":{"@id":"https:\/\/nosalive.com\/en\/the-perfect-swell\/#breadcrumb"},"inLanguage":"en-US","potentialAction":[{"@type":"ReadAction","target":["https:\/\/nosalive.com\/en\/the-perfect-swell\/"]}]},{"@type":"BreadcrumbList","@id":"https:\/\/nosalive.com\/en\/the-perfect-swell\/#breadcrumb","itemListElement":[{"@type":"ListItem","position":1,"name":"In\u00edcio","item":"https:\/\/nosalive.com\/en\/"},{"@type":"ListItem","position":2,"name":"THE PERFECT SWELL"}]}]}},"_links":{"self":[{"href":"https:\/\/nosalive.com\/en\/wp-json\/wp\/v2\/pages\/129047"}],"collection":[{"href":"https:\/\/nosalive.com\/en\/wp-json\/wp\/v2\/pages"}],"about":[{"href":"https:\/\/nosalive.com\/en\/wp-json\/wp\/v2\/types\/page"}],"author":[{"embeddable":true,"href":"https:\/\/nosalive.com\/en\/wp-json\/wp\/v2\/users\/1"}],"replies":[{"embeddable":true,"href":"https:\/\/nosalive.com\/en\/wp-json\/wp\/v2\/comments?post=129047"}],"version-history":[{"count":1,"href":"https:\/\/nosalive.com\/en\/wp-json\/wp\/v2\/pages\/129047\/revisions"}],"predecessor-version":[{"id":138965,"href":"https:\/\/nosalive.com\/en\/wp-json\/wp\/v2\/pages\/129047\/revisions\/138965"}],"wp:attachment":[{"href":"https:\/\/nosalive.com\/en\/wp-json\/wp\/v2\/media?parent=129047"}],"curies":[{"name":"wp","href":"https:\/\/api.w.org\/{rel}","templated":true}]}}