{"id":130158,"date":"2020-03-26T17:37:12","date_gmt":"2020-03-26T17:37:12","guid":{"rendered":"https:\/\/nosalive.com\/?page_id=130158"},"modified":"2020-03-27T12:03:44","modified_gmt":"2020-03-27T12:03:44","slug":"cadavezmaisverde-en","status":"publish","type":"page","link":"https:\/\/nosalive.com\/en\/cadavezmaisverde-en\/","title":{"rendered":"GROWING GREENER"},"content":{"rendered":"<p>[vc_row content_width=&#8221;full&#8221; equal_height=&#8221;&#8221; font_color=&#8221;dark&#8221; background_type=&#8221;image&#8221; background_img=&#8221;92690&#8243; background_effect=&#8221;zoomin&#8221; background_img_lazyload=&#8221;1&#8243; add_overlay=&#8221;yes&#8221; overlay_color=&#8221;custom&#8221; overlay_opacity=&#8221;30&#8243; add_bottom_shape_divider=&#8221;yes&#8221; sd_bottom_type=&#8221;default&#8221; sd_bottom_shape=&#8221;curve&#8221; sd_bottom_color=&#8221;custom&#8221; sd_bottom_opacity=&#8221;100&#8243; sd_bottom_ratio=&#8221;no&#8221; sd_bottom_zindex=&#8221;0&#8243; shift_y=&#8221;0&#8243; z_index=&#8221;0&#8243; overlay_custom_color=&#8221;#64beaf&#8221; sd_bottom_custom_color=&#8221;#f1f1f1&#8243;][vc_column width=&#8221;1\/3&#8243;][\/vc_column][vc_column width=&#8221;1\/3&#8243;][vc_single_image image=&#8221;128936&#8243; img_size=&#8221;medium&#8221; full_width=&#8221;&#8221; onclick=&#8221;custom_link&#8221; opacity=&#8221;100&#8243; img_link_target=&#8221;_blank&#8221; link=&#8221;http:\/\/www.fundoambiental.pt\/avisos\/programa-se-lo-verde.aspx&#8221; css=&#8221;.vc_custom_1585244210053{margin-bottom: 0px !important;padding-top: 100px !important;padding-bottom: 45px !important;}&#8221; max_width=&#8221;45%&#8221;][\/vc_column][vc_column width=&#8221;1\/3&#8243;][\/vc_column][\/vc_row][vc_row equal_height=&#8221;&#8221; font_color=&#8221;dark&#8221; shift_y=&#8221;0&#8243; z_index=&#8221;0&#8243; css=&#8221;.vc_custom_1553184832332{margin-top: 0px !important;padding-top: 0px !important;}&#8221;][vc_column][vc_column_text]<\/p>\n<h2 style=\"color: #67baaf!important;\">NOS Alive is growing &#8220;greener&#8221;<\/h2>\n<p><span style=\"color: #000000;\">One of the festivals goals is to become more aware and friendlier regarding environment matters.<\/span><\/p>\n<p><span style=\"color: #000000;\">We want to:<\/span><\/p>\n<ul>\n<li><span style=\"color: #000000;\">Promote responsible environmental, energy, social and economic attitudes through partnership with the United Nations Information Centre for Western Europe, highlighting the Sustainable Development Goals of the UN Agenda 2030;<\/span><\/li>\n<li><span style=\"color: #000000;\">Deepen the impact and awareness of the festivals public;<\/span><\/li>\n<li><span style=\"color: #000000;\">Improve and increase the good deeds \/ practices already in action at the festival site that contribute for its higher sustainability rate;<\/span><\/li>\n<li><span style=\"color: #000000;\">Create more opportunities for the public&#8217;s direct participation regarding good and friendly environmental behaviours before, during and after the festival;<\/span><\/li>\n<li><span style=\"color: #000000;\">Create and highlight the &#8220;green&#8221; brand of the festival;<\/span><\/li>\n<li><span style=\"color: #000000;\">Reduce the negative environmental impact produced by the festival.<\/span><\/li>\n<\/ul>\n<p><span style=\"color: #000000;\"><br \/>\nSome good measures already in place at the festival:<\/span><\/p>\n<ul>\n<li><span style=\"color: #000000;\">strict control of the promotional freebies distributed by the brands at the festival (demanding they are useful);<\/span><\/li>\n<li><span style=\"color: #000000;\">reuse of\u00a0<span style=\"caret-color: #000000;\">several types of materials;<\/span><\/span><\/li>\n<li><span style=\"color: #000000;\">donation of materials that are no longer in use at the festival site;<br \/>\n<\/span><\/li>\n<li><span style=\"color: #000000;\">establishing partnerships with public transportation means in order to expand the public network serving the festival public;<\/span><\/li>\n<li><span style=\"color: #000000;\">use of bicycles and electric vehicles on the festival site.<\/span><\/li>\n<\/ul>\n<p><span style=\"color: #000000;\">NOS Alive being one of the biggest events taking place in Portugal, contributes and assumes the compromise of continuously working hard to become a more sustainable event in all of its dimension, raising the public awareness through music and culture.<\/span>[\/vc_column_text][\/vc_column][\/vc_row][vc_row equal_height=&#8221;&#8221; font_color=&#8221;dark&#8221; shift_y=&#8221;0&#8243; z_index=&#8221;0&#8243; css=&#8221;.vc_custom_1553184832332{margin-top: 0px !important;padding-top: 0px !important;}&#8221;][vc_column width=&#8221;1\/2&#8243;][vc_column_text]<\/p>\n<h4 style=\"color: #67baaf!important;\"><span style=\"font-size: 24pt;\">S\u00ea-Lo Verde<\/span><\/h4>\n<p style=\"color: #67baaf!important;\"><span style=\"color: #000000;\">Since 2017, &#8220;S\u00ea-Lo Verde&#8221;, which is an environmental funding program, has supported some of the good behaviours put in practice by the festival, such as:<\/span><\/p>\n<ul>\n<li><b>electric cars\u00a0<\/b>used by several productions teams;<\/li>\n<li><strong>electric bicycles\u00a0<\/strong>used by several productions teams;<\/li>\n<li>meal tables produced with <strong>recycled material<\/strong> used on the food courts of the festival site;<\/li>\n<li><strong>mobile transformer stations<\/strong> (from high to low voltage);<\/li>\n<li>real time <strong>energy consumption control<\/strong> system;<\/li>\n<li><strong>bus terminal<\/strong> to support several transport companies;<\/li>\n<li><strong>extra bus routes<\/strong> (from the festival to 3 strategic points in Lisbon) to help the public exit the festival area;<\/li>\n<li><strong>awareness campaign<\/strong> on good environmental behaviours.<\/li>\n<\/ul>\n<p>[\/vc_column_text][vc_single_image image=&#8221;110649&#8243; img_size=&#8221;thumbnail&#8221; full_width=&#8221;&#8221; hover_effect=&#8221;zoomin&#8221; onclick=&#8221;custom_link&#8221; opacity=&#8221;100&#8243; link=&#8221;url:https%3A%2F%2Fwww.fundoambiental.pt%2Favisos-20201%2Fcapacitacao-e-sensibilizacao-ambiental%2Fprograma-se-lo-verde-2019.aspx|title:%22S%C3%AA-Lo%20Verde2|target:%20_blank|&#8221; css_animation=&#8221;zoom-in&#8221; css_animation_delay=&#8221;10&#8243;][\/vc_column][vc_column width=&#8221;1\/2&#8243; font_color=&#8221;dark&#8221; background_type=&#8221;transparent&#8221; shift_x=&#8221;0&#8243; shift_y=&#8221;0&#8243; z_index=&#8221;0&#8243; css=&#8221;.vc_custom_1553184839770{padding-top: 32px !important;padding-bottom: 50px !important;}&#8221;][vc_column_text]<\/p>\n<h4 style=\"color: #67baaf!important;\"><span style=\"font-size: 24pt;\">You are part of this!<\/span><\/h4>\n<p style=\"color: #67baaf!important;\"><span style=\"color: #000000;\">A &#8220;greener&#8221; NOS Alive depends on all of us.<br \/>\n<\/span><strong style=\"color: #000000; font-size: 14pt;\">Do your part!<\/strong><\/p>\n<ul>\n<li>Choose the <strong><a href=\"https:\/\/nosalive.com\/en\/getting-here\/\">public and\/or colective transports<\/a><\/strong> to get to the festival site;<\/li>\n<li>put the garbage in the appropriate container:\n<ul>\n<li>plastic and metal &gt;&gt;&gt; <strong>yellow container<\/strong><\/li>\n<li>paper &gt;&gt;&gt; <strong>blue container<\/strong><\/li>\n<\/ul>\n<\/li>\n<li><strong>don&#8217;t throw the garbage on the floor;<\/strong><\/li>\n<li><b>don&#8217;t throw cigarette butts on the\u00a0floor.<\/b><\/li>\n<\/ul>\n<p><em><strong>By the way,<\/strong><\/em><br \/>\nyou can and you should do your part everyday \ud83d\ude42<br \/>\nbefore, during and after the festival,<br \/>\nin your daily routine.[\/vc_column_text][\/vc_column][\/vc_row]<\/p>\n","protected":false},"excerpt":{"rendered":"<p>[vc_row content_width=&#8221;full&#8221; equal_height=&#8221;&#8221; font_color=&#8221;dark&#8221; background_type=&#8221;image&#8221; background_img=&#8221;92690&#8243; background_effect=&#8221;zoomin&#8221; background_img_lazyload=&#8221;1&#8243; add_overlay=&#8221;yes&#8221; overlay_color=&#8221;custom&#8221; overlay_opacity=&#8221;30&#8243; add_bottom_shape_divider=&#8221;yes&#8221; sd_bottom_type=&#8221;default&#8221; sd_bottom_shape=&#8221;curve&#8221; sd_bottom_color=&#8221;custom&#8221; sd_bottom_opacity=&#8221;100&#8243; sd_bottom_ratio=&#8221;no&#8221; sd_bottom_zindex=&#8221;0&#8243; shift_y=&#8221;0&#8243; z_index=&#8221;0&#8243; overlay_custom_color=&#8221;#64beaf&#8221; sd_bottom_custom_color=&#8221;#f1f1f1&#8243;][vc_column width=&#8221;1\/3&#8243;][\/vc_column][vc_column width=&#8221;1\/3&#8243;][vc_single_image image=&#8221;128936&#8243; img_size=&#8221;medium&#8221; full_width=&#8221;&#8221; onclick=&#8221;custom_link&#8221; opacity=&#8221;100&#8243; img_link_target=&#8221;_blank&#8221; link=&#8221;http:\/\/www.fundoambiental.pt\/avisos\/programa-se-lo-verde.aspx&#8221; css=&#8221;.vc_custom_1585244210053{margin-bottom: 0px !important;padding-top: 100px !important;padding-bottom: 45px !important;}&#8221; max_width=&#8221;45%&#8221;][\/vc_column][vc_column width=&#8221;1\/3&#8243;][\/vc_column][\/vc_row][vc_row equal_height=&#8221;&#8221; font_color=&#8221;dark&#8221; shift_y=&#8221;0&#8243; z_index=&#8221;0&#8243; css=&#8221;.vc_custom_1553184832332{margin-top: 0px !important;padding-top: 0px !important;}&#8221;][vc_column][vc_column_text] NOS Alive is growing &#8220;greener&#8221; One&#8230;<\/p>\n<p><a rel=\"bookmark\" class=\"hyperbent-button-simple wvc-button wvc-button-size-xs\" href=\"https:\/\/nosalive.com\/en\/cadavezmaisverde-en\/\"><span>Continue reading<\/span><\/a><\/p>\n","protected":false},"author":1,"featured_media":92691,"parent":0,"menu_order":0,"comment_status":"closed","ping_status":"closed","template":"","meta":[],"acf":[],"yoast_head":"<!-- This site is optimized with the Yoast SEO plugin v18.5.1 - https:\/\/yoast.com\/wordpress\/plugins\/seo\/ -->\n<title>NOS Alive | Festival de M\u00fasica cada vez mais verde - S\u00ea-lo Verde<\/title>\n<meta name=\"description\" content=\"O NOS Alive mant\u00e9m o &quot;S\u00ea-lo Verde&quot;, uma iniciativa do Fundo Ambiental que visa valorizar e promover a vertente ambiental do festival.\" \/>\n<meta name=\"robots\" content=\"index, follow, max-snippet:-1, max-image-preview:large, max-video-preview:-1\" \/>\n<link rel=\"canonical\" href=\"https:\/\/nosalive.com\/en\/cadavezmaisverde-en\/\" \/>\n<meta property=\"og:locale\" content=\"en_US\" \/>\n<meta property=\"og:type\" content=\"article\" \/>\n<meta property=\"og:title\" content=\"NOS Alive S\u00ea-lo Verde\" \/>\n<meta property=\"og:description\" content=\"O NOS Alive tem agora S\u00ea-Lo Verde! Esta iniciativa do Fundo Ambiental pretende valorizar e promover a vertente ambiental do festival.\" \/>\n<meta property=\"og:url\" content=\"https:\/\/nosalive.com\/en\/cadavezmaisverde-en\/\" \/>\n<meta property=\"og:site_name\" content=\"NOS Alive Festival\" \/>\n<meta property=\"article:publisher\" content=\"https:\/\/www.facebook.com\/NOSalivePortugal\" \/>\n<meta property=\"article:modified_time\" content=\"2020-03-27T12:03:44+00:00\" \/>\n<meta name=\"twitter:card\" content=\"summary_large_image\" \/>\n<meta name=\"twitter:title\" content=\"NOS Alive S\u00ea-lo Verde\" \/>\n<meta name=\"twitter:description\" content=\"O NOS Alive tem agora S\u00ea-Lo Verde! Esta iniciativa do Fundo Ambiental pretende valorizar e promover a vertente ambiental do festival.\" \/>\n<meta name=\"twitter:image\" content=\"http:\/\/nosalive.com\/wp-content\/uploads\/2017\/07\/se-lo-verde-nos-alive-og.jpg\" \/>\n<meta name=\"twitter:site\" content=\"@nos_alive\" \/>\n<script type=\"application\/ld+json\" class=\"yoast-schema-graph\">{\"@context\":\"https:\/\/schema.org\",\"@graph\":[{\"@type\":\"Organization\",\"@id\":\"https:\/\/nosalive.com\/#organization\",\"name\":\"NOS Alive\",\"url\":\"https:\/\/nosalive.com\/\",\"sameAs\":[\"https:\/\/www.facebook.com\/NOSalivePortugal\",\"https:\/\/www.instagram.com\/nos_alive\/\",\"https:\/\/www.youtube.com\/user\/optimusaliveofficial\",\"https:\/\/twitter.com\/nos_alive\"],\"logo\":{\"@type\":\"ImageObject\",\"@id\":\"https:\/\/nosalive.com\/#logo\",\"inLanguage\":\"en-US\",\"url\":\"https:\/\/nosalive.com\/wp-content\/uploads\/2025\/07\/NA26_Logo_Branco.png\",\"contentUrl\":\"https:\/\/nosalive.com\/wp-content\/uploads\/2025\/07\/NA26_Logo_Branco.png\",\"width\":688,\"height\":681,\"caption\":\"NOS Alive\"},\"image\":{\"@id\":\"https:\/\/nosalive.com\/#logo\"}},{\"@type\":\"WebSite\",\"@id\":\"https:\/\/nosalive.com\/#website\",\"url\":\"https:\/\/nosalive.com\/\",\"name\":\"NOS Alive Festival\",\"description\":\"O melhor cartaz, sempre!\",\"publisher\":{\"@id\":\"https:\/\/nosalive.com\/#organization\"},\"potentialAction\":[{\"@type\":\"SearchAction\",\"target\":{\"@type\":\"EntryPoint\",\"urlTemplate\":\"https:\/\/nosalive.com\/?s={search_term_string}\"},\"query-input\":\"required name=search_term_string\"}],\"inLanguage\":\"en-US\"},{\"@type\":\"ImageObject\",\"@id\":\"https:\/\/nosalive.com\/en\/cadavezmaisverde-en\/#primaryimage\",\"inLanguage\":\"en-US\",\"url\":\"\",\"contentUrl\":\"\"},{\"@type\":\"WebPage\",\"@id\":\"https:\/\/nosalive.com\/en\/cadavezmaisverde-en\/#webpage\",\"url\":\"https:\/\/nosalive.com\/en\/cadavezmaisverde-en\/\",\"name\":\"NOS Alive | Festival de M\u00fasica cada vez mais verde - S\u00ea-lo Verde\",\"isPartOf\":{\"@id\":\"https:\/\/nosalive.com\/#website\"},\"primaryImageOfPage\":{\"@id\":\"https:\/\/nosalive.com\/en\/cadavezmaisverde-en\/#primaryimage\"},\"datePublished\":\"2020-03-26T17:37:12+00:00\",\"dateModified\":\"2020-03-27T12:03:44+00:00\",\"description\":\"O NOS Alive mant\u00e9m o \\\"S\u00ea-lo Verde\\\", uma iniciativa do Fundo Ambiental que visa valorizar e promover a vertente ambiental do festival.\",\"breadcrumb\":{\"@id\":\"https:\/\/nosalive.com\/en\/cadavezmaisverde-en\/#breadcrumb\"},\"inLanguage\":\"en-US\",\"potentialAction\":[{\"@type\":\"ReadAction\",\"target\":[\"https:\/\/nosalive.com\/en\/cadavezmaisverde-en\/\"]}]},{\"@type\":\"BreadcrumbList\",\"@id\":\"https:\/\/nosalive.com\/en\/cadavezmaisverde-en\/#breadcrumb\",\"itemListElement\":[{\"@type\":\"ListItem\",\"position\":1,\"name\":\"In\u00edcio\",\"item\":\"https:\/\/nosalive.com\/en\/\"},{\"@type\":\"ListItem\",\"position\":2,\"name\":\"GROWING GREENER\"}]}]}<\/script>\n<!-- \/ Yoast SEO plugin. -->","yoast_head_json":{"title":"NOS Alive | Festival de M\u00fasica cada vez mais verde - S\u00ea-lo Verde","description":"O NOS Alive mant\u00e9m o \"S\u00ea-lo Verde\", uma iniciativa do Fundo Ambiental que visa valorizar e promover a vertente ambiental do festival.","robots":{"index":"index","follow":"follow","max-snippet":"max-snippet:-1","max-image-preview":"max-image-preview:large","max-video-preview":"max-video-preview:-1"},"canonical":"https:\/\/nosalive.com\/en\/cadavezmaisverde-en\/","og_locale":"en_US","og_type":"article","og_title":"NOS Alive S\u00ea-lo Verde","og_description":"O NOS Alive tem agora S\u00ea-Lo Verde! Esta iniciativa do Fundo Ambiental pretende valorizar e promover a vertente ambiental do festival.","og_url":"https:\/\/nosalive.com\/en\/cadavezmaisverde-en\/","og_site_name":"NOS Alive Festival","article_publisher":"https:\/\/www.facebook.com\/NOSalivePortugal","article_modified_time":"2020-03-27T12:03:44+00:00","twitter_card":"summary_large_image","twitter_title":"NOS Alive S\u00ea-lo Verde","twitter_description":"O NOS Alive tem agora S\u00ea-Lo Verde! Esta iniciativa do Fundo Ambiental pretende valorizar e promover a vertente ambiental do festival.","twitter_image":"http:\/\/nosalive.com\/wp-content\/uploads\/2017\/07\/se-lo-verde-nos-alive-og.jpg","twitter_site":"@nos_alive","schema":{"@context":"https:\/\/schema.org","@graph":[{"@type":"Organization","@id":"https:\/\/nosalive.com\/#organization","name":"NOS Alive","url":"https:\/\/nosalive.com\/","sameAs":["https:\/\/www.facebook.com\/NOSalivePortugal","https:\/\/www.instagram.com\/nos_alive\/","https:\/\/www.youtube.com\/user\/optimusaliveofficial","https:\/\/twitter.com\/nos_alive"],"logo":{"@type":"ImageObject","@id":"https:\/\/nosalive.com\/#logo","inLanguage":"en-US","url":"https:\/\/nosalive.com\/wp-content\/uploads\/2025\/07\/NA26_Logo_Branco.png","contentUrl":"https:\/\/nosalive.com\/wp-content\/uploads\/2025\/07\/NA26_Logo_Branco.png","width":688,"height":681,"caption":"NOS Alive"},"image":{"@id":"https:\/\/nosalive.com\/#logo"}},{"@type":"WebSite","@id":"https:\/\/nosalive.com\/#website","url":"https:\/\/nosalive.com\/","name":"NOS Alive Festival","description":"O melhor cartaz, sempre!","publisher":{"@id":"https:\/\/nosalive.com\/#organization"},"potentialAction":[{"@type":"SearchAction","target":{"@type":"EntryPoint","urlTemplate":"https:\/\/nosalive.com\/?s={search_term_string}"},"query-input":"required name=search_term_string"}],"inLanguage":"en-US"},{"@type":"ImageObject","@id":"https:\/\/nosalive.com\/en\/cadavezmaisverde-en\/#primaryimage","inLanguage":"en-US","url":"","contentUrl":""},{"@type":"WebPage","@id":"https:\/\/nosalive.com\/en\/cadavezmaisverde-en\/#webpage","url":"https:\/\/nosalive.com\/en\/cadavezmaisverde-en\/","name":"NOS Alive | Festival de M\u00fasica cada vez mais verde - S\u00ea-lo Verde","isPartOf":{"@id":"https:\/\/nosalive.com\/#website"},"primaryImageOfPage":{"@id":"https:\/\/nosalive.com\/en\/cadavezmaisverde-en\/#primaryimage"},"datePublished":"2020-03-26T17:37:12+00:00","dateModified":"2020-03-27T12:03:44+00:00","description":"O NOS Alive mant\u00e9m o \"S\u00ea-lo Verde\", uma iniciativa do Fundo Ambiental que visa valorizar e promover a vertente ambiental do festival.","breadcrumb":{"@id":"https:\/\/nosalive.com\/en\/cadavezmaisverde-en\/#breadcrumb"},"inLanguage":"en-US","potentialAction":[{"@type":"ReadAction","target":["https:\/\/nosalive.com\/en\/cadavezmaisverde-en\/"]}]},{"@type":"BreadcrumbList","@id":"https:\/\/nosalive.com\/en\/cadavezmaisverde-en\/#breadcrumb","itemListElement":[{"@type":"ListItem","position":1,"name":"In\u00edcio","item":"https:\/\/nosalive.com\/en\/"},{"@type":"ListItem","position":2,"name":"GROWING GREENER"}]}]}},"_links":{"self":[{"href":"https:\/\/nosalive.com\/en\/wp-json\/wp\/v2\/pages\/130158"}],"collection":[{"href":"https:\/\/nosalive.com\/en\/wp-json\/wp\/v2\/pages"}],"about":[{"href":"https:\/\/nosalive.com\/en\/wp-json\/wp\/v2\/types\/page"}],"author":[{"embeddable":true,"href":"https:\/\/nosalive.com\/en\/wp-json\/wp\/v2\/users\/1"}],"replies":[{"embeddable":true,"href":"https:\/\/nosalive.com\/en\/wp-json\/wp\/v2\/comments?post=130158"}],"version-history":[{"count":0,"href":"https:\/\/nosalive.com\/en\/wp-json\/wp\/v2\/pages\/130158\/revisions"}],"wp:featuredmedia":[{"embeddable":true,"href":"https:\/\/nosalive.com\/en\/wp-json\/wp\/v2\/media\/92691"}],"wp:attachment":[{"href":"https:\/\/nosalive.com\/en\/wp-json\/wp\/v2\/media?parent=130158"}],"curies":[{"name":"wp","href":"https:\/\/api.w.org\/{rel}","templated":true}]}}